{"id":550,"date":"2025-11-26T18:16:00","date_gmt":"2025-11-26T17:16:00","guid":{"rendered":"https:\/\/www.casabarbara.com\/?page_id=550"},"modified":"2026-05-11T15:08:26","modified_gmt":"2026-05-11T13:08:26","slug":"unsere-angebote","status":"publish","type":"page","link":"https:\/\/www.casabarbara.com\/de\/nos-offres\/","title":{"rendered":"Unsere Angebote"},"content":{"rendered":"<div class=\"wp-block-uagb-container uagb-block-58ae5b7a alignfull uagb-is-root-container\">\n<div class=\"wp-block-uagb-advanced-heading uagb-block-4a8c7d60\"><h1 class=\"uagb-heading-text\">Unsere Angebote<\/h1><\/div>\n<\/div>\n\n\n\n<div class=\"wp-block-columns is-layout-flex wp-container-core-columns-is-layout-28f84493 wp-block-columns-is-layout-flex\">\n<div class=\"wp-block-column is-layout-flow wp-block-column-is-layout-flow\" style=\"flex-basis:100%\">\n<div class=\"wp-block-columns is-layout-flex wp-container-core-columns-is-layout-28f84493 wp-block-columns-is-layout-flex\">\n<div class=\"wp-block-column is-layout-flow wp-block-column-is-layout-flow\" style=\"flex-basis:100%\"><\/div>\n<\/div>\n<\/div>\n<\/div>\n\n\n\n<div class=\"wp-block-uagb-container uagb-block-be881665 alignfull uagb-is-root-container\">\n<div id=\"offre1\" class=\"wp-block-uagb-container order-m-1 uagb-block-39e9bbd4\">\n<div class=\"wp-block-uagb-container uagb-block-78a99c6f default uagb-is-root-container\">\n<div class=\"wp-block-uagb-container uagb-block-c7e6e833\">\n<div class=\"wp-block-uagb-advanced-heading uagb-block-f6089dc4 o-typing-fast o-typing-delay-100ms\"><h2 class=\"uagb-heading-text\">OFFRE 1<\/h2><\/div>\n<\/div>\n\n\n\n<p class=\"is-style-text-subtitle is-style-text-subtitle--1\" style=\"margin-top:20px;margin-bottom:20px\"><strong>Barbara-Suite beim Barbara-Studiopreis in Nizza<\/strong><\/p>\n\n\n\n<p><strong>Mehr Wohnraum, ohne das Budget zu erh\u00f6hen<\/strong><\/p>\n\n\n\n<p><strong>Eine seltene Gelegenheit<\/strong> Eine seltene Gelegenheit, ein erstklassiges Senioren-Apartment in Nizza mit mehr Fl\u00e4che und Komfort zu genie\u00dfen \u2013 <strong>ohne Aufpreis<\/strong>.<\/p>\n\n\n\n<p><strong>Inklusive Leistungen in der Casa Barbara Nizza<\/strong><\/p>\n\n\n\n<ul class=\"wp-block-list\">\n<li>Umschaltbare Klimaanlage<\/li>\n\n\n\n<li>Sicherheit rund um die Uhr<\/li>\n<\/ul>\n\n\n\n<p><strong>Casa Barbara Club-Mitgliedschaft inklusive:<\/strong><br>\u2013 Unbegrenzter Zugang zum Casa Barbara Club<br>\u2013 Technogym-Fitnessstudio<br>\u2013 Yoga- und Pilateskurse<br>\u2013 Sauna und Hammam<br>\u2013 Cine Club<br>\u2013 Philosophischer Gespr\u00e4chskreis<br>\u2013 Kulturveranstaltungen<br>\u2013 Wellbeing-Services f\u00fcr Senioren<\/p>\n\n\n\n<p>In der Casa Barbara leben Sie inmitten einer fr\u00f6hlichen Gemeinschaft lebenslustiger Senioren in einem einzigartigen Wohnort in Nizza, ganz nach Ihrem eigenen Rhythmus.<\/p>\n\n\n\n<p><strong>Das Angebot gilt vorbehaltlich der Verf\u00fcgbarkeit.<\/strong><\/p>\n\n\n\n<div class=\"wp-block-uagb-container uagb-block-886c5c80\">\n<div class=\"wp-block-uagb-buttons uagb-buttons__outer-wrap uagb-btn__default-btn uagb-btn-tablet__default-btn uagb-btn-mobile__default-btn uagb-block-d7d463e4\"><div class=\"uagb-buttons__wrap uagb-buttons-layout-wrap\">\n<div class=\"wp-block-uagb-buttons-child uagb-buttons__outer-wrap uagb-block-2ca7ebe6 wp-block-button\"><div class=\"uagb-button__wrapper\"><a class=\"uagb-buttons-repeater wp-block-button__link\" aria-label=\"\" href=\"https:\/\/www.casabarbara.com\/de\/kontaktieren-sie-uns\/\" rel=\"follow noopener\" target=\"_self\" role=\"button\"><div class=\"uagb-button__link\">Kontaktieren Sie uns<\/div><\/a><\/div><\/div>\n<\/div><\/div>\n<\/div>\n<\/div>\n<\/div>\n\n\n\n<div class=\"wp-block-uagb-container order-m-0 bg-mobile-none uagb-block-e62b3914\">\n<div class=\"wp-block-uagb-image uagb-block-ac89eceb wp-block-uagb-image--layout-default wp-block-uagb-image--effect-static wp-block-uagb-image--align-none animated bounceInRight delay-500ms\"><figure class=\"wp-block-uagb-image__figure\"><img decoding=\"async\" srcset=\"https:\/\/www.casabarbara.com\/wp-content\/uploads\/2025\/12\/offre-img1.jpg ,https:\/\/www.casabarbara.com\/wp-content\/uploads\/2025\/12\/offre-img1.jpg 780w, https:\/\/www.casabarbara.com\/wp-content\/uploads\/2025\/12\/offre-img1.jpg 360w\" sizes=\"auto, (max-width: 480px) 150px\" src=\"https:\/\/www.casabarbara.com\/wp-content\/uploads\/2025\/12\/offre-img1.jpg\" alt=\"Paar bewundert den Blick auf den See\" class=\"uag-image-931\" width=\"1500\" height=\"1500\" title=\"Paar bewundert den Blick auf den See\" loading=\"lazy\" role=\"img\"\/><\/figure><\/div>\n<\/div>\n<\/div>\n\n\n\n<div class=\"wp-block-uagb-container uagb-block-12f2fe30 alignfull uagb-is-root-container\">\n<div class=\"wp-block-uagb-container uagb-block-58fb7698\">\n<div class=\"wp-block-uagb-image uagb-block-21425d23 wp-block-uagb-image--layout-default wp-block-uagb-image--effect-static wp-block-uagb-image--align-none animated jackInTheBox o-anim-hover\"><figure class=\"wp-block-uagb-image__figure\"><img decoding=\"async\" srcset=\"https:\/\/www.casabarbara.com\/wp-content\/uploads\/2026\/01\/portrait-de-Pierre-Gagnaire-sept-2025-photo-de-Cyril-Carrere-WEB-couleur-15-1-863x1024.jpg ,https:\/\/www.casabarbara.com\/wp-content\/uploads\/2026\/01\/portrait-de-Pierre-Gagnaire-sept-2025-photo-de-Cyril-Carrere-WEB-couleur-15-1.jpg 780w, https:\/\/www.casabarbara.com\/wp-content\/uploads\/2026\/01\/portrait-de-Pierre-Gagnaire-sept-2025-photo-de-Cyril-Carrere-WEB-couleur-15-1.jpg 360w\" sizes=\"auto, (max-width: 480px) 150px\" src=\"https:\/\/www.casabarbara.com\/wp-content\/uploads\/2026\/01\/portrait-de-Pierre-Gagnaire-sept-2025-photo-de-Cyril-Carrere-WEB-couleur-15-1-863x1024.jpg\" alt=\"\" class=\"uag-image-1830\" width=\"863\" height=\"1024\" title=\"Portr\u00e4t von Pierre-Gagnaire - Sept. 2025 Foto von Cyril Carrere - WEB-couleur-15\" loading=\"lazy\" role=\"img\"\/><\/figure><\/div>\n<\/div>\n\n\n\n<div class=\"wp-block-uagb-container uagb-block-debb0b1c\">\n<div class=\"wp-block-uagb-container uagb-block-5a09e4cd default uagb-is-root-container\">\n<div class=\"wp-block-uagb-container uagb-block-ec6f30fa\">\n<div class=\"wp-block-uagb-advanced-heading uagb-block-bde8cb2f o-typing-fast o-typing-delay-100ms\"><h3 class=\"uagb-heading-text\"><o-anim-typing>ANGEBOT <\/o-anim-typing>2<\/h3><\/div>\n<\/div>\n\n\n\n<p class=\"is-style-text-subtitle is-style-text-subtitle--2\" style=\"margin-top:var(--wp--preset--spacing--30);margin-bottom:0px\">1 Monat Restauration bei Casa Barbara geschenkt<\/p>\n\n\n\n<p><\/p>\n\n\n\n<p>Ein Monat Verpflegung, signiert von Pierre Gagnaire, gratis<\/p>\n\n\n\n<p>Entdecken Sie die Casa Barbara-Lebenskunst rund um den Tisch. Wenn Sie Ihre Residenz im Casa Barbara in Nizza vor dem 31. Mai 2026 buchen, profitieren Sie von einem ganzen Monat kostenloser Verpflegung.<\/p>\n\n\n\n<p>Die K\u00fcche des Casa Barbara bietet eine k\u00f6stliche, ausgewogene und gesellige K\u00fcche, die vom mit drei Michelin-Sternen ausgezeichneten K\u00fcchenchef Pierre Gagnaire kreiert wurde.<\/p>\n\n\n\n<p>Unser Restaurant in Nizza, mit \u00d6ffnung nach au\u00dfen, empf\u00e4ngt Mitglieder und Besucher f\u00fcr k\u00f6stliche Mahlzeiten, Freude und herzliches Miteinander.<\/p>\n\n\n\n<p>Eine ideale Gelegenheit, in einer hochwertigen Residenz in Nizza in einem eleganten, menschlichen und lebendigen Umfeld zu wohnen.<\/p>\n\n\n\n<p><strong>Angebot g\u00fcltig bis zum 31. Mai 2026<\/strong><\/p>\n\n\n\n<p>(Nicht kumulierbar mit anderen Angeboten und nur g\u00fcltig f\u00fcr Daueraufenthalte)<\/p>\n\n\n\n<div class=\"wp-block-uagb-container uagb-block-15ffa3f2\">\n<div class=\"wp-block-uagb-buttons uagb-buttons__outer-wrap uagb-btn__default-btn uagb-btn-tablet__default-btn uagb-btn-mobile__default-btn uagb-block-db519012\"><div class=\"uagb-buttons__wrap uagb-buttons-layout-wrap\">\n<div class=\"wp-block-uagb-buttons-child uagb-buttons__outer-wrap uagb-block-1c6a2149 wp-block-button\"><div class=\"uagb-button__wrapper\"><a class=\"uagb-buttons-repeater wp-block-button__link\" aria-label=\"\" href=\"https:\/\/www.casabarbara.com\/de\/kontaktieren-sie-uns\/\" rel=\"follow noopener\" target=\"_self\" role=\"button\"><div class=\"uagb-button__link\">Kontaktieren Sie uns<\/div><\/a><\/div><\/div>\n<\/div><\/div>\n<\/div>\n<\/div>\n<\/div>\n<\/div>\n\n\n\n<p><\/p>","protected":false},"excerpt":{"rendered":"<p>Nos offres OFFRE 2 1 Mois de Restauration Casa Barbara Offert Un mois de restauration, sign\u00e9 Pierre Gagnaire, offert D\u00e9couvrez l\u2019art de vivre Casa Barbara autour de la table. En r\u00e9servant votre r\u00e9sidence au Casa Barbara \u00e0 Nice avant le 31 Mai 2026, profitez d\u2019un mois complet de restauration offert. La table de Casa Barbara [&hellip;]<\/p>\n","protected":false},"author":1,"featured_media":0,"parent":0,"menu_order":0,"comment_status":"closed","ping_status":"closed","template":"","meta":{"_uag_custom_page_level_css":"","footnotes":""},"class_list":["post-550","page","type-page","status-publish","hentry"],"uagb_featured_image_src":{"full":false,"thumbnail":false,"medium":false,"medium_large":false,"large":false,"1536x1536":false,"2048x2048":false,"trp-custom-language-flag":false},"uagb_author_info":{"display_name":"technique@celaneo.com","author_link":"https:\/\/www.casabarbara.com\/de\/author\/techniquecelaneo-com\/"},"uagb_comment_info":0,"uagb_excerpt":"Nos offres OFFRE 2 1 Mois de Restauration Casa Barbara Offert Un mois de restauration, sign\u00e9 Pierre Gagnaire, offert D\u00e9couvrez l\u2019art de vivre Casa Barbara autour de la table. En r\u00e9servant votre r\u00e9sidence au Casa Barbara \u00e0 Nice avant le 31 Mai 2026, profitez d\u2019un mois complet de restauration offert. La table de Casa Barbara&hellip;","_links":{"self":[{"href":"https:\/\/www.casabarbara.com\/de\/wp-json\/wp\/v2\/pages\/550","targetHints":{"allow":["GET"]}}],"collection":[{"href":"https:\/\/www.casabarbara.com\/de\/wp-json\/wp\/v2\/pages"}],"about":[{"href":"https:\/\/www.casabarbara.com\/de\/wp-json\/wp\/v2\/types\/page"}],"author":[{"embeddable":true,"href":"https:\/\/www.casabarbara.com\/de\/wp-json\/wp\/v2\/users\/1"}],"replies":[{"embeddable":true,"href":"https:\/\/www.casabarbara.com\/de\/wp-json\/wp\/v2\/comments?post=550"}],"version-history":[{"count":45,"href":"https:\/\/www.casabarbara.com\/de\/wp-json\/wp\/v2\/pages\/550\/revisions"}],"predecessor-version":[{"id":4242,"href":"https:\/\/www.casabarbara.com\/de\/wp-json\/wp\/v2\/pages\/550\/revisions\/4242"}],"wp:attachment":[{"href":"https:\/\/www.casabarbara.com\/de\/wp-json\/wp\/v2\/media?parent=550"}],"curies":[{"name":"wp","href":"https:\/\/api.w.org\/{rel}","templated":true}]}}