{"id":723,"date":"2025-12-01T20:29:14","date_gmt":"2025-12-01T19:29:14","guid":{"rendered":"https:\/\/www.casabarbara.com\/?page_id=723"},"modified":"2026-03-13T14:31:53","modified_gmt":"2026-03-13T13:31:53","slug":"impressum","status":"publish","type":"page","link":"https:\/\/www.casabarbara.com\/de\/mentions-legales\/","title":{"rendered":"Impressum"},"content":{"rendered":"<div class=\"wp-block-uagb-container uagb-block-58ae5b7a alignfull uagb-is-root-container\">\n<div class=\"wp-block-uagb-advanced-heading uagb-block-4a8c7d60\"><h1 class=\"uagb-heading-text\">Impressum<\/h1><\/div>\n<\/div>\n\n\n\n<div class=\"wp-block-uagb-container uagb-block-fc13168a alignfull uagb-is-root-container\">\n<div class=\"wp-block-uagb-container uagb-block-5bd386d4 alignfull uagb-is-root-container\">\n<p style=\"margin-top:10px;margin-bottom:10px\"><strong>Durch die Nutzung dieser Website erkennen Sie an, dass Sie die allgemeinen Nutzungsbedingungen zur Kenntnis genommen haben, und verpflichten sich, diese einzuhalten.<\/strong><\/p>\n\n\n\n<p style=\"margin-top:10px;margin-bottom:10px\">Diese Allgemeinen Gesch\u00e4ftsbedingungen dienen insbesondere dazu, Sie \u00fcber den Inhalt der Website, das Bestehen von zu beachtenden Rechten des geistigen Eigentums und die Verantwortlichkeiten im Zusammenhang mit der Nutzung der besagten Website zu informieren, im Folgenden als \"Allgemeine Nutzungsbedingungen\" bezeichnet.\nDer Inhalt dieser rechtlichen Hinweise und Allgemeinen Gesch\u00e4ftsbedingungen kann sich \u00e4ndern; wir empfehlen Ihnen daher, diese regelm\u00e4\u00dfig zu konsultieren.<\/p>\n<\/div>\n\n\n\n<div class=\"wp-block-uagb-container uagb-block-b5b7d877 alignfull uagb-is-root-container\">\n<div class=\"wp-block-uagb-advanced-heading uagb-block-c628ca4c\"><h2 class=\"uagb-heading-text\"><strong>1. RECHTLICHE HINWEISE<\/strong><\/h2><\/div>\n\n\n\n<p style=\"margin-top:10px;margin-bottom:10px\">Herausgeber der Website: Casabarbara Domiciles, vereinfachte Aktiengesellschaft (SAS), mit Sitz in Paris (75008) 21-25 rue Balzac 75008 PARIS, eingetragen im Handels- und Gesellschaftsregister von Paris unter der Nummer 844 086 20<\/p>\n\n\n\n<p style=\"margin-top:10px;margin-bottom:10px\">Direktor der Ver\u00f6ffentlichung der Website: Olivier Lebouch\u00e9, Pr\u00e4sident\nJede Person kann den Herausgeber der Website unter folgender E-Mail-Adresse erreichen: contact@casabarbara.com oder telefonisch unter 01 75 25 51 41.<\/p>\n\n\n\n<p style=\"margin-top:10px;margin-bottom:10px\">Host der Website: OVH, 2 rue Kellermann 59100 Roubaix Frankreich, SAS mit einem Kapital von \u20ac 10.174.560, RCS Lille M\u00e9tropole 424 761 419, APE-Code 6311Z, Umsatzsteuer-Identifikationsnummer: FR 22 424 761 419.<\/p>\n\n\n\n<p style=\"margin-top:10px;margin-bottom:10px\">IT-Verwaltung der Website: CELANEO IT, eingetragen im RCS von Paris unter der Nummer 921 391 017, mit Sitz 9 rue des Halles 75001 PARIS.<\/p>\n\n\n\n<p style=\"margin-top:10px;margin-bottom:10px\">Designer der Website: SERVICES MARKETING DIVERSIFIES, eingetragen im RCS von Paris unter der Nummer 337 934 483, mit Sitz 94 avenue Gambetta 75020 Paris.<\/p>\n\n\n\n<p style=\"margin-top:10px;margin-bottom:10px\">Entwickler der Website: DIJI, eingetragen im RCS von Paris unter der Nummer 794 089 003, mit Sitz 58 avenue de Wagram, 75017 PARIS.<\/p>\n<\/div>\n\n\n\n<div class=\"wp-block-uagb-container uagb-block-d82fe3de alignfull uagb-is-root-container\">\n<div class=\"wp-block-uagb-advanced-heading uagb-block-742dc473\"><h2 class=\"uagb-heading-text\"><strong><strong>2. ZWECK DER WEBSITE<\/strong><\/strong><\/h2><\/div>\n\n\n\n<p style=\"margin-top:10px;margin-bottom:10px\">Herausgeber der Website: Casabarbara Domiciles, vereinfachte Aktiengesellschaft (SAS), mit Sitz in Paris (75008) 21-25 rue Balzac 75008 PARIS, eingetragen im Handels- und Gesellschaftsregister von Paris unter der Nummer 844 086 20<\/p>\n\n\n\n<p style=\"margin-top:10px;margin-bottom:10px\">Direktor der Ver\u00f6ffentlichung der Website: Olivier Lebouch\u00e9, Pr\u00e4sident\nJede Person kann den Herausgeber der Website unter folgender E-Mail-Adresse erreichen: contact@casabarbara.com oder telefonisch unter 01 75 25 51 41.<\/p>\n\n\n\n<p style=\"margin-top:10px;margin-bottom:10px\">Host der Website: OVH, 2 rue Kellermann 59100 Roubaix Frankreich, SAS mit einem Kapital von \u20ac 10.174.560, RCS Lille M\u00e9tropole 424 761 419, APE-Code 6311Z, Umsatzsteuer-Identifikationsnummer: FR 22 424 761 419.<\/p>\n\n\n\n<p style=\"margin-top:10px;margin-bottom:10px\">Designer der Website: SERVICES MARKETING DIVERSIFIES, eingetragen im RCS von Paris unter der Nummer 337 934 483, mit Sitz 94 avenue Gambetta 75020 Paris.<\/p>\n<\/div>\n\n\n\n<div class=\"wp-block-uagb-container uagb-block-e8f4fd33 alignfull uagb-is-root-container\">\n<div class=\"wp-block-uagb-advanced-heading uagb-block-b0864f9c\"><h2 class=\"uagb-heading-text\"><strong><strong>3. PERSONENBEZOGENE DATEN<\/strong><\/strong><\/h2><\/div>\n\n\n\n<p style=\"margin-top:10px;margin-bottom:10px\">Herausgeber der Website: Casabarbara Domiciles, vereinfachte Aktiengesellschaft (SAS), mit Sitz in Paris (75008) 21-25 rue Balzac 75008 PARIS, eingetragen im Handels- und Gesellschaftsregister von Paris unter der Nummer 844 086 20<\/p>\n\n\n\n<p style=\"margin-top:10px;margin-bottom:10px\">Direktor der Ver\u00f6ffentlichung der Website: Olivier Lebouch\u00e9, Pr\u00e4sident\nJede Person kann den Herausgeber der Website unter folgender E-Mail-Adresse erreichen: contact@casabarbara.com oder telefonisch unter 01 75 25 51 41.<\/p>\n\n\n\n<p style=\"margin-top:10px;margin-bottom:10px\">Host der Website: OVH, 2 rue Kellermann 59100 Roubaix Frankreich, SAS mit einem Kapital von \u20ac 10.174.560, RCS Lille M\u00e9tropole 424 761 419, APE-Code 6311Z, Umsatzsteuer-Identifikationsnummer: FR 22 424 761 419.<\/p>\n\n\n\n<p style=\"margin-top:10px;margin-bottom:10px\">Designer der Website: SERVICES MARKETING DIVERSIFIES, eingetragen im RCS von Paris unter der Nummer 337 934 483, mit Sitz 94 avenue Gambetta 75020 Paris.<\/p>\n<\/div>\n\n\n\n<div class=\"wp-block-uagb-container uagb-block-d523e629 alignfull uagb-is-root-container\">\n<div class=\"wp-block-uagb-advanced-heading uagb-block-e0dcb488\"><h2 class=\"uagb-heading-text\"><strong><strong>4. GEISTIGES EIGENTUM<\/strong><\/strong><\/h2><\/div>\n\n\n\n<p style=\"margin-top:10px;margin-bottom:10px\">Herausgeber der Website: Casabarbara Domiciles, vereinfachte Aktiengesellschaft (SAS), mit Sitz in Paris (75008) 21-25 rue Balzac 75008 PARIS, eingetragen im Handels- und Gesellschaftsregister von Paris unter der Nummer 844 086 20<\/p>\n\n\n\n<p style=\"margin-top:10px;margin-bottom:10px\">Direktor der Ver\u00f6ffentlichung der Website: Olivier Lebouch\u00e9, Pr\u00e4sident\nJede Person kann den Herausgeber der Website unter folgender E-Mail-Adresse erreichen: contact@casabarbara.com oder telefonisch unter 01 75 25 51 41.<\/p>\n\n\n\n<p style=\"margin-top:10px;margin-bottom:10px\">Host der Website: OVH, 2 rue Kellermann 59100 Roubaix Frankreich, SAS mit einem Kapital von \u20ac 10.174.560, RCS Lille M\u00e9tropole 424 761 419, APE-Code 6311Z, Umsatzsteuer-Identifikationsnummer: FR 22 424 761 419.<\/p>\n\n\n\n<p style=\"margin-top:10px;margin-bottom:10px\">Designer der Website: SERVICES MARKETING DIVERSIFIES, eingetragen im RCS von Paris unter der Nummer 337 934 483, mit Sitz 94 avenue Gambetta 75020 Paris.<\/p>\n<\/div>\n<\/div>","protected":false},"excerpt":{"rendered":"<p>Mentions l\u00e9gales En utilisant le pr\u00e9sent site, https:\/\/www.casabarbara.com, ci-apr\u00e8s le \u00ab Site \u00bb, vous reconnaissez avoir pris connaissance des informations et conditions g\u00e9n\u00e9rales d\u2019utilisation d\u00e9taill\u00e9es ci-apr\u00e8s et vous engagez \u00e0 les respecter. Ces conditions g\u00e9n\u00e9rales ont notamment pour objet de vous informer du contenu du Site, de l\u2019existence de droits de propri\u00e9t\u00e9 intellectuelle devant \u00eatre [&hellip;]<\/p>\n","protected":false},"author":1,"featured_media":0,"parent":0,"menu_order":0,"comment_status":"closed","ping_status":"closed","template":"","meta":{"_uag_custom_page_level_css":"","footnotes":""},"class_list":["post-723","page","type-page","status-publish","hentry"],"uagb_featured_image_src":{"full":false,"thumbnail":false,"medium":false,"medium_large":false,"large":false,"1536x1536":false,"2048x2048":false,"trp-custom-language-flag":false},"uagb_author_info":{"display_name":"technique@celaneo.com","author_link":"https:\/\/www.casabarbara.com\/de\/author\/techniquecelaneo-com\/"},"uagb_comment_info":0,"uagb_excerpt":"Mentions l\u00e9gales En utilisant le pr\u00e9sent site, https:\/\/www.casabarbara.com, ci-apr\u00e8s le \u00ab Site \u00bb, vous reconnaissez avoir pris connaissance des informations et conditions g\u00e9n\u00e9rales d\u2019utilisation d\u00e9taill\u00e9es ci-apr\u00e8s et vous engagez \u00e0 les respecter. Ces conditions g\u00e9n\u00e9rales ont notamment pour objet de vous informer du contenu du Site, de l\u2019existence de droits de propri\u00e9t\u00e9 intellectuelle devant \u00eatre&hellip;","_links":{"self":[{"href":"https:\/\/www.casabarbara.com\/de\/wp-json\/wp\/v2\/pages\/723","targetHints":{"allow":["GET"]}}],"collection":[{"href":"https:\/\/www.casabarbara.com\/de\/wp-json\/wp\/v2\/pages"}],"about":[{"href":"https:\/\/www.casabarbara.com\/de\/wp-json\/wp\/v2\/types\/page"}],"author":[{"embeddable":true,"href":"https:\/\/www.casabarbara.com\/de\/wp-json\/wp\/v2\/users\/1"}],"replies":[{"embeddable":true,"href":"https:\/\/www.casabarbara.com\/de\/wp-json\/wp\/v2\/comments?post=723"}],"version-history":[{"count":3,"href":"https:\/\/www.casabarbara.com\/de\/wp-json\/wp\/v2\/pages\/723\/revisions"}],"predecessor-version":[{"id":973,"href":"https:\/\/www.casabarbara.com\/de\/wp-json\/wp\/v2\/pages\/723\/revisions\/973"}],"wp:attachment":[{"href":"https:\/\/www.casabarbara.com\/de\/wp-json\/wp\/v2\/media?parent=723"}],"curies":[{"name":"wp","href":"https:\/\/api.w.org\/{rel}","templated":true}]}}