{"id":919,"date":"2025-12-08T07:44:03","date_gmt":"2025-12-08T06:44:03","guid":{"rendered":"https:\/\/www.casabarbara.com\/?page_id=919"},"modified":"2026-03-13T15:02:10","modified_gmt":"2026-03-13T14:02:10","slug":"cgv","status":"publish","type":"page","link":"https:\/\/www.casabarbara.com\/de\/cgv\/","title":{"rendered":"AGB"},"content":{"rendered":"<div class=\"wp-block-uagb-container uagb-block-58ae5b7a alignfull uagb-is-root-container\">\n<div class=\"wp-block-uagb-advanced-heading uagb-block-4a8c7d60\"><h1 class=\"uagb-heading-text\">AGB<\/h1><\/div>\n<\/div>\n\n\n\n<div class=\"wp-block-uagb-container uagb-block-fc13168a alignfull uagb-is-root-container\">\n<div class=\"wp-block-uagb-container uagb-block-b5b7d877 alignfull uagb-is-root-container\">\n<div class=\"wp-block-uagb-advanced-heading uagb-block-c628ca4c\"><h3 class=\"uagb-heading-text\"><strong>Datenschutzerkl\u00e4rung<\/strong><\/h3><\/div>\n\n\n\n<p style=\"margin-top:10px;margin-bottom:10px\">In \u00dcbereinstimmung mit den geltenden Vorschriften verpflichtet sich Casabarbara, die erhobenen und verarbeiteten personenbezogenen Daten ihrer Nutzer zu sch\u00fctzen und Sie \u00fcber die Verwendung von Cookies durch die Nutzer ihrer Website zu informieren.<\/p>\n\n\n\n<p>\"Personenbezogene Daten\" bezeichnen alle Informationen, die Sie als nat\u00fcrliche Person betreffen, die Sie uns freiwillig zur Verf\u00fcgung stellen oder die wir im Rahmen Ihrer Navigation sammeln und die Sie direkt oder indirekt identifizieren.<\/p>\n\n\n\n<p>Dieses Informationsmerkblatt soll Informationen \u00fcber die von Casabarbara verarbeiteten personenbezogenen Daten, \u00fcber die Art und Weise ihrer Verwendung und \u00fcber die Rechte der Personen, deren personenbezogene Daten erhoben werden, bereitstellen. Casabarbara ist f\u00fcr die Beantwortung von Fragen zum Schutz personenbezogener Daten per Post oder E-Mail erreichbar:<\/p>\n\n\n\n<p>Casabarbara DPO<br>21-25 rue Balzac 75008 Paris<br>dpo@casabarbara.com<\/p>\n\n\n\n<p style=\"margin-top:10px;margin-bottom:10px\">Dieses Informationsmerkblatt wird regelm\u00e4\u00dfig bei jeder Einf\u00fchrung neuer Praktiken oder neuer Richtlinien zum Schutz personenbezogener Daten aktualisiert. Dieses Informationsmerkblatt wurde zuletzt am 25. Mai 2018 aktualisiert.<\/p>\n<\/div>\n\n\n\n<div class=\"wp-block-uagb-container uagb-block-d82fe3de alignfull uagb-is-root-container\">\n<div class=\"wp-block-uagb-advanced-heading uagb-block-742dc473\"><h2 class=\"uagb-heading-text\"><strong><strong>Personenbezogene Daten der Nutzer<\/strong><\/strong><\/h2><\/div>\n\n\n\n<p><\/p>\n\n\n\n<p style=\"margin-top:10px;margin-bottom:10px\"><strong>1. WELCHE PERSONENBEZOGENEN DATEN WERDEN VON CASABARBARA ERHOBEN?<\/strong><\/p>\n\n\n\n<p>Wenn Sie \u00fcber unsere Website, per Post, E-Mail, Telefon Kontakt mit uns aufnehmen oder wenn Sie direkt in einer Einrichtung Kontakt aufnehmen, erheben wir die folgenden personenbezogenen Daten von Personen, die an unseren Dienstleistungen interessiert sind:<\/p>\n\n\n\n<ul class=\"wp-block-list\">\n<li>Ihre Identit\u00e4t und Kontaktdaten,<\/li>\n\n\n\n<li>Die Art der Aufnahme, das gew\u00fcnschte Departement und die gew\u00fcnschte Eintrittsfrist,<\/li>\n\n\n\n<li>Die Informationen, die f\u00fcr die Orientierung der Person und f\u00fcr eine angepasste Betreuung notwendig sind.<\/li>\n<\/ul>\n\n\n\n<p>Gegebenenfalls erheben wir auch die Kontaktdaten des pers\u00f6nlichen Umfelds der Nutzer.<\/p>\n\n\n\n<p><strong>2. AUS WELCHEN GR\u00dcNDEN WERDEN DIESE PERSONENBEZOGENEN DATEN VERARBEITET<\/strong><\/p>\n\n\n\n<p>Wir verarbeiten die personenbezogenen Daten der Nutzer aus folgenden Gr\u00fcnden:<\/p>\n\n\n\n<ul class=\"wp-block-list\">\n<li>Individuelle Nachverfolgung des Profils und der Bed\u00fcrfnisse der Nutzer,<\/li>\n\n\n\n<li>Orientierung der Nutzer an die passende L\u00f6sung,<\/li>\n\n\n\n<li>Analyse der Herkunft der Nutzer,<\/li>\n\n\n\n<li>Pflege der Gesch\u00e4ftsbeziehung,<\/li>\n\n\n\n<li>Durchf\u00fchrung von Zufriedenheitsumfragen zur Verbesserung unserer Dienstleistungen,<\/li>\n\n\n\n<li>Versenden von Angeboten und kommerziellen Nachrichten an Nutzer, die sich bei ihrer Registrierung daf\u00fcr entschieden haben.<\/li>\n<\/ul>\n\n\n\n<p><strong>3. AUF WELCHER RECHTSGRUNDLAGE DARF Casabarbara DIESE PERSONENBEZOGENEN DATEN VERARBEITEN?<\/strong><\/p>\n\n\n\n<p>Wir verarbeiten diese personenbezogenen Daten auf der Grundlage von:<\/p>\n\n\n\n<ul class=\"wp-block-list\">\n<li>Unserem berechtigten Interesse, den Nutzern das am besten geeignete Angebot zu unterbreiten,<\/li>\n\n\n\n<li>Und gegebenenfalls der vorherigen Einwilligung der Personen f\u00fcr den Versand von Angeboten und kommerziellen Nachrichten auf elektronischem Wege.<\/li>\n<\/ul>\n\n\n\n<p><strong>4. AUF WELCHEN TR\u00c4GERN UND WIE LANGE WERDEN DIESE PERSONENBEZOGENEN DATEN AUFBEWAHRT?<\/strong><\/p>\n\n\n\n<p>Personenbezogene Daten werden auf Papier und elektronisch f\u00fcr die Dauer der gesetzlichen Aufbewahrungsfristen oder f\u00fcr die Dauer, die f\u00fcr die Zwecke, f\u00fcr die sie erhoben wurden, erforderlich ist, aufbewahrt, d.h. zwei (2) Jahre ab dem letzten Kontakt mit der Person*. *Einzige Genehmigung AU-47 der CNIL (Franz\u00f6sische Datenschutzbeh\u00f6rde)<\/p>\n\n\n\n<p><strong>5. MIT WEM WERDEN DIESE PERSONENBEZOGENEN DATEN GETEILT?<\/strong><\/p>\n\n\n\n<p><em><strong>Interne Verwendung<\/strong><\/em><\/p>\n\n\n\n<p>Wir beschr\u00e4nken den Zugang zu personenbezogenen Daten auf das Personal von Casabarbara.<\/p>\n\n\n\n<p>Wir sensibilisieren und schulen unser Personal f\u00fcr die Bedeutung des Datenschutzes und verpflichten uns, bei Nichteinhaltung der internen Verfahren in diesem Bereich angemessene disziplinarische Ma\u00dfnahmen zu ergreifen.<\/p>\n\n\n\n<p><em><strong>Auftragsverarbeiter<\/strong><\/em><\/p>\n\n\n\n<p>Wir hosten personenbezogene Daten bei Datenhostern, die die geltenden Gesetze einhalten, und teilen diese Daten auch mit Auftragsverarbeitern, die f\u00fcr uns t\u00e4tig sind. Wenn die Auftragsverarbeiter jedoch Zugang zu den personenbezogenen Daten haben, werden sie sich an die geltenden Gesetze zum Schutz personenbezogener Daten und an dieses Informationsmerkblatt halten.<\/p>\n\n\n\n<p><em><strong>Gesetzliche Verpflichtungen<\/strong><\/em><\/p>\n\n\n\n<p>Diese personenbezogenen Daten werden Dritten ohne vorherige Zustimmung der betroffenen Person nicht offengelegt, au\u00dfer in Ausnahmef\u00e4llen, wenn dies gesetzlich oder von Regierungsbeh\u00f6rden wie der CNIL oder den zust\u00e4ndigen Justizbeh\u00f6rden gefordert wird.<\/p>\n\n\n\n<p><strong>6. WELCHE RECHTE HABEN PERSONEN, DEREN DATEN VON Casabarbara ERHOBEN WERDEN, UND WIE K\u00d6NNEN SIE AUSGE\u00dcBT WERDEN?<\/strong><\/p>\n\n\n\n<p>Die Europ\u00e4ische Datenschutz-Grundverordnung (DSGVO) und das ge\u00e4nderte franz\u00f6sische Gesetz \"Informatique et Libert\u00e9s\" verleihen Personen bestimmte Rechte in Bezug auf ihre Daten.<\/p>\n\n\n\n<p>F\u00fcr jede Verarbeitung sie betreffender personenbezogener Daten kann eine Person die folgenden Rechte aus\u00fcben:<\/p>\n\n\n\n<ul class=\"wp-block-list\">\n<li><strong>Recht auf Auskunft:<\/strong>&nbsp;Jede Person hat das Recht, eine Kopie der personenbezogenen Daten zu erhalten, die Casabarbara \u00fcber sie speichert und verarbeitet;<\/li>\n\n\n\n<li><strong>Recht auf Berichtigung:<\/strong>&nbsp;Jede Person hat das Recht, sie betreffende personenbezogene Daten, die Casabarbara \u00fcber sie gespeichert hat, berichtigen zu lassen, wenn diese unrichtig sind;<\/li>\n\n\n\n<li><strong>Recht auf Beschwerde bei der CNIL:<\/strong>&nbsp;Jede Person hat das Recht, bei der CNIL Beschwerde einzulegen, wenn sie Bedenken hinsichtlich der Art und Weise hat, wie Casabarbara ihre personenbezogenen Daten verarbeitet.<\/li>\n<\/ul>\n\n\n\n<p>Eine Person kann unter bestimmten Bedingungen auch die folgenden Rechte aus\u00fcben:<\/p>\n\n\n\n<ul class=\"wp-block-list\">\n<li><strong>Recht auf L\u00f6schung:&nbsp;<\/strong>Jede Person kann Casabarbara auffordern, ihre Daten zu l\u00f6schen;<\/li>\n\n\n\n<li><strong>Recht auf Einschr\u00e4nkung der Verarbeitung:&nbsp;<\/strong>Jede Person kann Casabarbara auffordern, die Verarbeitung ihrer Daten einzuschr\u00e4nken;<\/li>\n\n\n\n<li><strong>Widerspruchsrecht:&nbsp;<\/strong>Jede Person kann Casabarbara auffordern, die Verarbeitung ihrer Daten einzustellen, wenn diese auf dem berechtigten Interesse von Casabarbara beruht;<\/li>\n\n\n\n<li><strong>Recht auf Widerruf der Einwilligung:&nbsp;<\/strong>Jede Person hat das Recht, ihre Einwilligung zu widerrufen, wenn sie zuvor ihre Einwilligung f\u00fcr den Erhalt von Angeboten und Marketingkommunikation auf elektronischem Wege gegeben hat;<\/li>\n\n\n\n<li><strong>Recht auf Widerspruch gegen die Verarbeitung von Daten zu Marketingzwecken:&nbsp;<\/strong>Jede Person kann jederzeit verlangen, dass Casabarbara ihr keine Marketingkommunikation mehr zusendet.<\/li>\n<\/ul>\n\n\n\n<p>Um diese Rechte auszu\u00fcben, senden Sie bitte ein schriftliches Ersuchen mit den erforderlichen Informationen (vollst\u00e4ndige Kontaktdaten und eine Kopie eines Ausweisdokuments) per Post oder E-Mail an folgende Adresse: Casabarbara, Service Clients \u2013 21-25 Rue Balzac 75 008 Paris \u2013&nbsp;<a href=\"mailto:infoconseils@Casabarbara.fr\">infoconseils@Casabarbara.fr<\/a>.<\/p>\n\n\n\n<p style=\"margin-top:10px;margin-bottom:10px\">Wir verpflichten uns, innerhalb eines Monats zu antworten. Wenn wir aus irgendeinem Grund einem Ersuchen nicht nachkommen k\u00f6nnen, werden wir der betroffenen Person erkl\u00e4ren, warum ihr Ersuchen abgelehnt wurde.<\/p>\n<\/div>\n\n\n\n<div class=\"wp-block-uagb-container uagb-block-e8f4fd33 alignfull uagb-is-root-container\">\n<div class=\"wp-block-uagb-advanced-heading uagb-block-b0864f9c\"><h2 class=\"uagb-heading-text\"><strong><strong>Datenschutzrichtlinie<\/strong><\/strong><\/h2><\/div>\n\n\n\n<p><\/p>\n\n\n\n<div class=\"wp-block-uagb-advanced-heading uagb-block-de4eeb7d\"><h3 class=\"uagb-heading-text\">ZWECK DER COOKIE-RICHTLINIE<\/h3><\/div>\n\n\n\n<p>Casabarbara respektiert als Verantwortlicher die f\u00fcr Cookies und Tracker geltenden Vorschriften.<\/p>\n\n\n\n<p>Ein Cookie ist eine kleine Datei, die von einem Server auf dem Endger\u00e4t (Computer, Telefon usw.) eines Nutzers gespeichert und mit einer Webdomain (d.h. in den meisten F\u00e4llen mit allen Seiten einer Website) verkn\u00fcpft wird. Diese Datei wird bei sp\u00e4teren Kontakten mit derselben Domain automatisch erneut gesendet. (Quelle: CNIL)<\/p>\n\n\n\n<p>Casabarbara verwendet im Rahmen des Betriebs ihrer Website verschiedene Cookies, wenn Sie surfen. Mit Ausnahme der technischen Cookies, die f\u00fcr den Betrieb der Website unbedingt erforderlich sind, und derer, die f\u00fcr die Reichweitenmessung notwendig sind, ist f\u00fcr das Setzen von Cookies Ihre Einwilligung erforderlich. Daher werden Sie bei Ihrem ersten Besuch aufgefordert, diese Verarbeitungen zu akzeptieren oder abzulehnen. Sie k\u00f6nnen Ihre Pr\u00e4ferenzen jederzeit \u00e4ndern und insbesondere Ihre Einwilligung widerrufen, indem Sie&nbsp;<strong>unten auf der Seite auf \"Cookie-Verwaltung\" klicken.<\/strong>.<\/p>\n\n\n\n<figure class=\"wp-block-table\"><table class=\"has-fixed-layout\"><tbody><tr><td>Zwecke der verwendeten Cookies<\/td><td>Rechtsgrundlage<\/td><\/tr><tr><td>Informationen auf einem Endger\u00e4t speichern und\/oder abrufen<\/td><td>Einwilligung<\/td><\/tr><tr><td>Produkte entwickeln und verbessern<\/td><td>Einwilligung<\/td><\/tr><tr><td>Marktforschung betreiben, um Audienzdaten zu generieren<\/td><td>Einwilligung<\/td><\/tr><tr><td>Leistung von Inhalten messen<\/td><td>Einwilligung<\/td><\/tr><tr><td>Leistung von Werbung messen<\/td><td>Einwilligung<\/td><\/tr><tr><td>Personalisierte Inhalte ausw\u00e4hlen<\/td><td>Einwilligung<\/td><\/tr><tr><td>Ein Profil erstellen, um personalisierte Inhalte anzuzeigen<\/td><td>Einwilligung<\/td><\/tr><tr><td>Personalisierte Werbung ausw\u00e4hlen<\/td><td>Einwilligung<\/td><\/tr><tr><td>Ein personalisiertes Werbeprofil erstellen<\/td><td>Einwilligung<\/td><\/tr><tr><td>Standardwerbung ausw\u00e4hlen<\/td><td>Einwilligung<\/td><\/tr><tr><td>Betrieb der Website<\/td><td>Berechtigtes Interesse von Casabarbara, eine Website anzubieten<\/td><\/tr><tr><td>Genaue Standortdaten verwenden<\/td><td>Einwilligung<\/td><\/tr><tr><td>Reichweitenmessung<\/td><td>Berechtigtes Interesse von Casabarbara, die Reichweite ihrer Website zu messen<\/td><\/tr><tr><td>Sicherheit gew\u00e4hrleisten, Betrug verhindern und Fehler beheben<\/td><td>Berechtigtes Interesse von Casabarbara, ihre Website zu sichern<\/td><\/tr><tr><td>Werbung oder Inhalte technisch verbreiten<\/td><td>Einwilligung<\/td><\/tr><tr><td>Offline-Datenquellen abgleichen und kombinieren<\/td><td>Einwilligung<\/td><\/tr><tr><td>Automatisch gesendete Ger\u00e4te-Kennungsmerkmale empfangen und verwenden<\/td><td>Einwilligung<\/td><\/tr><tr><td>Verschiedene Endger\u00e4te verkn\u00fcpfen<\/td><td>Einwilligung<\/td><\/tr><\/tbody><\/table><\/figure>\n\n\n\n<p>Ihre Entscheidungen werden in einem technischen Cookie gespeichert und f\u00fcr 6 Monate ab dem Setzen des betreffenden Cookies auf Ihrem Endger\u00e4t aufbewahrt. Wenn Sie dieses Cookie manuell l\u00f6schen, k\u00f6nnen wir nicht feststellen, ob Sie die Verwendung von Cookies akzeptiert oder abgelehnt haben. In diesem Fall werden wir Sie bitten, Ihre Cookie-Pr\u00e4ferenzen erneut festzulegen.<\/p>\n\n\n\n<p><strong>WEITERGABE VON \u00dcBER COOKIES VERARBEITETEN PERSONENBEZOGENEN DATEN<\/strong><\/p>\n\n\n\n<p><em>An Tochtergesellschaften von Casabarbara<\/em><\/p>\n\n\n\n<p>F\u00fcr die oben genannten Zwecke werden Ihre personenbezogenen Daten innerhalb der Casabarbara-Gruppe verwendet. Ihre personenbezogenen Daten k\u00f6nnen an die verschiedenen Tochtergesellschaften von Casabarbara in den L\u00e4ndern, in denen Casabarbara niedergelassen ist, weitergegeben werden.<\/p>\n\n\n\n<p><em>An Dritte<\/em><\/p>\n\n\n\n<p>Ihre personenbezogenen Daten k\u00f6nnen an Dritte weitergegeben werden, jedoch nur in folgenden F\u00e4llen:<\/p>\n\n\n\n<ul class=\"wp-block-list\">\n<li>F\u00fcr Marketingzwecke, sofern Sie hierf\u00fcr Ihre Einwilligung erteilt haben;<\/li>\n\n\n\n<li>F\u00fcr Supportzwecke: Casabarbara bedient sich Dienstleistern oder Auftragnehmern zur Erbringung von Support- und Wartungsleistungen f\u00fcr ihre Online-Plattformen und zur Verwaltung der genannten Online-Plattformen oder der darin enthaltenen verschiedenen Funktionen und Programme. Diese Dritten verpflichten sich, Ihren personenbezogenen Daten das gleiche Sicherheitsniveau zu bieten wie Casabarbara;<\/li>\n\n\n\n<li>F\u00fcr rechtliche und sicherheitstechnische Zwecke: Casabarbara kann gezwungen sein, Ihre personenbezogenen Daten offenzulegen, wenn dies gesetzlich vorgeschrieben ist oder wenn eine solche Offenlegung vern\u00fcnftigerweise notwendig ist, um Gerichtsverfahren nachzukommen, Anspr\u00fcche zu beantworten oder die Sicherheit oder Rechte von Casabarbara, ihrer Kunden oder der \u00d6ffentlichkeit zu sch\u00fctzen;<\/li>\n\n\n\n<li>Im Falle einer Fusion, \u00dcbernahme oder eines Erwerbs einer (Teil-)Tochtergesellschaft der Casabarbara-Gruppe durch ein anderes Unternehmen oder im Falle eines Verkaufs oder einer \u00dcbertragung h\u00e4tte der Erwerber Zugang zu Informationen, die personenbezogene Daten enthalten k\u00f6nnen, vorbehaltlich der geltenden Gesetze. Ebenso k\u00f6nnten einige Ihrer personenbezogenen Daten im Rahmen einer Umstrukturierung, eines Insolvenzverfahrens oder eines \u00e4hnlichen Ereignisses \u00fcbertragen werden, wenn dies nach geltendem Recht zul\u00e4ssig ist und in \u00dcbereinstimmung mit dem geltenden Recht.<\/li>\n<\/ul>\n\n\n\n<p>Die Liste der verwendeten Dritten ist unten verf\u00fcgbar:<\/p>\n\n\n\n<p>AT Internet, Bing Ads, Google Advertising Products und Google Analytics.<\/p>\n\n\n\n<div class=\"wp-block-uagb-advanced-heading uagb-block-8ca35e5d\"><h3 class=\"uagb-heading-text\">\u00dcBERMITTLUNG VON COOKIE-BEZOGENEN PERSONENBEZOGENEN DATEN AUSSERHALB DER EUROP\u00c4ISCHEN UNION<\/h3><\/div>\n\n\n\n<p>Die wichtigsten Dienstleister von Casabarbara, die auf ihren Online-Plattformen t\u00e4tig sind, haben ihren Sitz in der Europ\u00e4ischen Union. Diese k\u00f6nnen jedoch mit Unternehmen au\u00dferhalb der Europ\u00e4ischen Union zusammenarbeiten. Die \u00dcbermittlung personenbezogener Daten an diese Dienstleister erfolgt in \u00dcbereinstimmung mit den geltenden Gesetzen und basiert auf Standardvertragsklauseln, wie von der Europ\u00e4ischen Kommission vorgeschrieben. Diese Dienstleister sind auch durch einen Vertrag gebunden, der ein hohes Ma\u00df an Vertraulichkeitsschutz garantiert und sie (unter anderem) verpflichtet, nur auf Anweisung von Casabarbara zu handeln und stets alle notwendigen technischen Ma\u00dfnahmen zu implementieren, um die Sicherheit der personenbezogenen Daten zu gew\u00e4hrleisten.<\/p>\n\n\n\n<div class=\"wp-block-uagb-advanced-heading uagb-block-52867288\"><h3 class=\"uagb-heading-text\">SICHERHEIT IHRER PERSONENBEZOGENEN DATEN<\/h3><\/div>\n\n\n\n<p>Casabarbara wird alle notwendigen technischen und organisatorischen Ma\u00dfnahmen ergreifen, um die Vertraulichkeit und Sicherheit Ihrer personenbezogenen Daten zu sch\u00fctzen, die \u00fcber ihre Online-Plattformen erhoben wurden. Diese Ma\u00dfnahmen umfassen insbesondere (i) die Speicherung Ihrer personenbezogenen Daten in sicheren Betriebsumgebungen, die nicht \u00f6ffentlich zug\u00e4nglich sind und die nur autorisiertem Personal von Casabarbara und ihren Auftragnehmern zug\u00e4nglich sind, und (ii) die \u00dcberpr\u00fcfung der Identit\u00e4t registrierter Nutzer, bevor diese Zugang zu Ihren personenbezogenen Daten erhalten, und die Nachverfolgung der entsprechenden Zugriffe.<\/p>\n\n\n\n<div class=\"wp-block-uagb-advanced-heading uagb-block-be2f31bd\"><h3 class=\"uagb-heading-text\">IHRE RECHTE IN BEZUG AUF IHRE PERSONENBEZOGENEN DATEN<\/h3><\/div>\n\n\n\n<ul class=\"wp-block-list\">\n<li>Sie k\u00f6nnen Auskunft \u00fcber Ihre personenbezogenen Daten verlangen;<\/li>\n\n\n\n<li>Sie k\u00f6nnen die Berichtigung Ihrer personenbezogenen Daten verlangen, wenn diese unrichtig, unvollst\u00e4ndig oder nicht aktuell sind;<\/li>\n\n\n\n<li>Wenn Ihre personenbezogenen Daten mit Ihrer Einwilligung verarbeitet wurden, haben Sie das Recht, Ihre Einwilligung jederzeit zu widerrufen;<\/li>\n\n\n\n<li>Sie k\u00f6nnen die L\u00f6schung Ihrer personenbezogenen Daten verlangen, wenn: (i) die personenbezogenen Daten f\u00fcr den Zweck der Datenverarbeitung nicht mehr notwendig sind oder (ii) Sie Ihre Einwilligung zur Datenverarbeitung widerrufen haben, sofern die Verarbeitung ausschlie\u00dflich auf der Einwilligung beruht;<\/li>\n\n\n\n<li>Sie k\u00f6nnen die Einschr\u00e4nkung der Verarbeitung verlangen<\/li>\n\n\n\n<li>Sie k\u00f6nnen die \u00dcbertragbarkeit der bereitgestellten personenbezogenen Daten verlangen, wenn die Verarbeitung der personenbezogenen Daten auf Ihrer Einwilligung oder auf der Erf\u00fcllung eines Vertrags beruht.<\/li>\n\n\n\n<li>Sie haben das Recht, der Verarbeitung Ihrer personenbezogenen Daten zu widersprechen;<\/li>\n\n\n\n<li>Sie haben auch das Recht, allgemeine und spezifische Anweisungen f\u00fcr den Umgang mit Ihren personenbezogenen Daten nach Ihrem Tod zu erteilen;<\/li>\n\n\n\n<li>Kontaktaufnahme mit Casabarbara oder Einreichung einer Beschwerde bei der CNIL.<\/li>\n<\/ul>\n\n\n\n<p>Sie haben immer die Wahl, Ihre personenbezogenen Daten nicht preiszugeben. In diesem Fall kann es sein, dass Sie bei den Aktivit\u00e4ten und Funktionen, die Casabarbara Ihnen anbieten kann, eingeschr\u00e4nkt sind.<\/p>\n\n\n\n<p>Bei Fragen, Beschwerden oder Anmerkungen zu dieser Cookie-Richtlinie oder zur Art der Erhebung personenbezogener Daten wenden Sie sich bitte an Casabarbara:<\/p>\n\n\n\n<ul class=\"wp-block-list\">\n<li>per Post an Casabarbara, DPO, 21-25 rue Balzac, 75008 PARIS<\/li>\n\n\n\n<li>oder per E-Mail an:&nbsp;<a href=\"mailto:dpo@casabarbara.com\">dpo@casabarbara.com<\/a><\/li>\n<\/ul>\n\n\n\n<p>Bitte beachten Sie, dass Sie auch bei der CNIL Beschwerde einreichen k\u00f6nnen, wenn Sie Zweifel an den Verarbeitungsbedingungen Ihrer personenbezogenen Daten durch Casabarbara haben. Die Website ist hier erreichbar:&nbsp;<a href=\"https:\/\/www.cnil.fr\/\" rel=\"noopener\">https:\/\/www.cnil.fr\/<\/a>.<\/p>\n\n\n\n<div class=\"wp-block-uagb-advanced-heading uagb-block-d2f2580f\"><h3 class=\"uagb-heading-text\">\u00c4NDERUNG UNSERER COOKIE-RICHTLINIE<\/h3><\/div>\n\n\n\n<p style=\"margin-top:10px;margin-bottom:10px\">Diese Cookie-Richtlinie wird regelm\u00e4\u00dfig aktualisiert. Casabarbara l\u00e4dt Sie daher ein, dieses Dokument regelm\u00e4\u00dfig zu konsultieren.<\/p>\n<\/div>\n<\/div>","protected":false},"excerpt":{"rendered":"<p>CGV Notice d&rsquo;information relative aux donn\u00e9es personnelles Conform\u00e9ment \u00e0 la r\u00e9glementation en vigueur, Casabarbara s\u2019engage \u00e0 prot\u00e9ger les donn\u00e9es \u00e0 caract\u00e8re personnel collect\u00e9es et trait\u00e9es relatives \u00e0 ses utilisateurs et \u00e0 vous informer sur l\u2019usage des cookies des utilisateurs de son site. Les \u00ab donn\u00e9es \u00e0 caract\u00e8re personnel \u00bb d\u00e9signent toute information vous concernant en [&hellip;]<\/p>\n","protected":false},"author":1,"featured_media":0,"parent":0,"menu_order":0,"comment_status":"closed","ping_status":"closed","template":"","meta":{"_uag_custom_page_level_css":"","footnotes":""},"class_list":["post-919","page","type-page","status-publish","hentry"],"uagb_featured_image_src":{"full":false,"thumbnail":false,"medium":false,"medium_large":false,"large":false,"1536x1536":false,"2048x2048":false,"trp-custom-language-flag":false},"uagb_author_info":{"display_name":"technique@celaneo.com","author_link":"https:\/\/www.casabarbara.com\/de\/author\/techniquecelaneo-com\/"},"uagb_comment_info":0,"uagb_excerpt":"CGV Notice d&rsquo;information relative aux donn\u00e9es personnelles Conform\u00e9ment \u00e0 la r\u00e9glementation en vigueur, Casabarbara s\u2019engage \u00e0 prot\u00e9ger les donn\u00e9es \u00e0 caract\u00e8re personnel collect\u00e9es et trait\u00e9es relatives \u00e0 ses utilisateurs et \u00e0 vous informer sur l\u2019usage des cookies des utilisateurs de son site. Les \u00ab donn\u00e9es \u00e0 caract\u00e8re personnel \u00bb d\u00e9signent toute information vous concernant en&hellip;","_links":{"self":[{"href":"https:\/\/www.casabarbara.com\/de\/wp-json\/wp\/v2\/pages\/919","targetHints":{"allow":["GET"]}}],"collection":[{"href":"https:\/\/www.casabarbara.com\/de\/wp-json\/wp\/v2\/pages"}],"about":[{"href":"https:\/\/www.casabarbara.com\/de\/wp-json\/wp\/v2\/types\/page"}],"author":[{"embeddable":true,"href":"https:\/\/www.casabarbara.com\/de\/wp-json\/wp\/v2\/users\/1"}],"replies":[{"embeddable":true,"href":"https:\/\/www.casabarbara.com\/de\/wp-json\/wp\/v2\/comments?post=919"}],"version-history":[{"count":20,"href":"https:\/\/www.casabarbara.com\/de\/wp-json\/wp\/v2\/pages\/919\/revisions"}],"predecessor-version":[{"id":2893,"href":"https:\/\/www.casabarbara.com\/de\/wp-json\/wp\/v2\/pages\/919\/revisions\/2893"}],"wp:attachment":[{"href":"https:\/\/www.casabarbara.com\/de\/wp-json\/wp\/v2\/media?parent=919"}],"curies":[{"name":"wp","href":"https:\/\/api.w.org\/{rel}","templated":true}]}}