{"id":723,"date":"2025-12-01T20:29:14","date_gmt":"2025-12-01T19:29:14","guid":{"rendered":"https:\/\/www.casabarbara.com\/?page_id=723"},"modified":"2026-03-13T14:31:53","modified_gmt":"2026-03-13T13:31:53","slug":"legal","status":"publish","type":"page","link":"https:\/\/www.casabarbara.com\/en\/mentions-legales\/","title":{"rendered":"Legal Notice"},"content":{"rendered":"<div class=\"wp-block-uagb-container uagb-block-58ae5b7a alignfull uagb-is-root-container\">\n<div class=\"wp-block-uagb-advanced-heading uagb-block-4a8c7d60\"><h1 class=\"uagb-heading-text\">Legal Notice<\/h1><\/div>\n<\/div>\n\n\n\n<div class=\"wp-block-uagb-container uagb-block-fc13168a alignfull uagb-is-root-container\">\n<div class=\"wp-block-uagb-container uagb-block-5bd386d4 alignfull uagb-is-root-container\">\n<p style=\"margin-top:10px;margin-bottom:10px\"><strong>By using this website, https:\/\/www.casabarbara.com (hereinafter referred to as the \u201cSite\u201d), you acknowledge that you have read the information and general terms of use detailed below and agree to comply with them.<\/strong><\/p>\n\n\n\n<p style=\"margin-top:10px;margin-bottom:10px\">These general terms are intended in particular to inform you about the content of the Site, the existence of intellectual property rights that must be respected, and the responsibilities associated with the use of said Site, hereinafter referred to as the \u201cGeneral Terms of Use.\u201d\nThe content of these legal notices and General Terms may be subject to change; you are therefore invited to consult them regularly.<\/p>\n<\/div>\n\n\n\n<div class=\"wp-block-uagb-container uagb-block-b5b7d877 alignfull uagb-is-root-container\">\n<div class=\"wp-block-uagb-advanced-heading uagb-block-c628ca4c\"><h2 class=\"uagb-heading-text\"><strong>1.\u00a0\u00a0 \u00a0LEGAL NOTICE<\/strong><\/h2><\/div>\n\n\n\n<p style=\"margin-top:10px;margin-bottom:10px\">Site publisher: Casabarbara Domiciles, a simplified joint-stock company (SAS) with its registered office at 21\u201325 rue Balzac, 75008 Paris, France, registered with the Paris Trade and Companies Register under number 844 086 207.<\/p>\n\n\n\n<p style=\"margin-top:10px;margin-bottom:10px\">Publication director: Olivier Lebouch\u00e9, President.\nAnyone may contact the Site publisher by email at contact@casabarbara.com or by phone at +33 (0)1 75 25 51 41.<\/p>\n\n\n\n<p style=\"margin-top:10px;margin-bottom:10px\">Site host: OVH, 2 rue Kellermann, 59100 Roubaix, France, SAS with a share capital of \u20ac10,174,560, registered with RCS Lille M\u00e9tropole under number 424 761 419, APE code 6311Z, EU VAT No. FR 22 424 761 419.<\/p>\n\n\n\n<p style=\"margin-top:10px;margin-bottom:10px\">Site IT management: CELANEO IT, registered with the Paris Trade and Companies Register under number 921 391 017, with its registered office at 9 rue des Halles, 75001 Paris.<\/p>\n\n\n\n<p style=\"margin-top:10px;margin-bottom:10px\">Site designer: SERVICES MARKETING DIVERSIFI\u00c9S, registered with the Paris Trade and Companies Register under number 337 934 483, with its registered office at 94 avenue Gambetta, 75020 Paris.<\/p>\n\n\n\n<p style=\"margin-top:10px;margin-bottom:10px\">Site developer: DIJI, registered with the Paris Trade and Companies Register under number 794 089 003, with its registered office at 58 avenue de Wagram, 75017 Paris.<\/p>\n<\/div>\n\n\n\n<div class=\"wp-block-uagb-container uagb-block-d82fe3de alignfull uagb-is-root-container\">\n<div class=\"wp-block-uagb-advanced-heading uagb-block-742dc473\"><h2 class=\"uagb-heading-text\"><strong><strong>2.\u00a0\u00a0 \u00a0PURPOSE OF THE SITE<\/strong><\/strong><\/h2><\/div>\n\n\n\n<p style=\"margin-top:10px;margin-bottom:10px\">Site publisher: Casabarbara Domiciles, a simplified joint-stock company (SAS) with its registered office at 21\u201325 rue Balzac, 75008 Paris, France, registered with the Paris Trade and Companies Register under number 844 086 207.<\/p>\n\n\n\n<p style=\"margin-top:10px;margin-bottom:10px\">Publication director: Olivier Lebouch\u00e9, President.\nAnyone may contact the Site publisher by email at contact@casabarbara.com or by phone at +33 (0)1 75 25 51 41.<\/p>\n\n\n\n<p style=\"margin-top:10px;margin-bottom:10px\">Site host: OVH, 2 rue Kellermann, 59100 Roubaix, France, SAS with a share capital of \u20ac10,174,560, registered with RCS Lille M\u00e9tropole under number 424 761 419, APE code 6311Z, EU VAT No. FR 22 424 761 419.<\/p>\n\n\n\n<p style=\"margin-top:10px;margin-bottom:10px\">Site designer: SERVICES MARKETING DIVERSIFI\u00c9S, registered with the Paris Trade and Companies Register under number 337 934 483, with its registered office at 94 avenue Gambetta, 75020 Paris.<\/p>\n<\/div>\n\n\n\n<div class=\"wp-block-uagb-container uagb-block-e8f4fd33 alignfull uagb-is-root-container\">\n<div class=\"wp-block-uagb-advanced-heading uagb-block-b0864f9c\"><h2 class=\"uagb-heading-text\"><strong><strong>3.\u00a0\u00a0 PERSONAL DATA<\/strong><\/strong><\/h2><\/div>\n\n\n\n<p style=\"margin-top:10px;margin-bottom:10px\">Site publisher: Casabarbara Domiciles, a simplified joint-stock company (SAS) with its registered office at 21\u201325 rue Balzac, 75008 Paris, France, registered with the Paris Trade and Companies Register under number 844 086 207.<\/p>\n\n\n\n<p style=\"margin-top:10px;margin-bottom:10px\">Publication director: Olivier Lebouch\u00e9, President.\nAnyone may contact the Site publisher by email at contact@casabarbara.com or by phone at +33 (0)1 75 25 51 41.<\/p>\n\n\n\n<p style=\"margin-top:10px;margin-bottom:10px\">Site host: OVH, 2 rue Kellermann, 59100 Roubaix, France, SAS with a share capital of \u20ac10,174,560, registered with RCS Lille M\u00e9tropole under number 424 761 419, APE code 6311Z, EU VAT No. FR 22 424 761 419.<\/p>\n\n\n\n<p style=\"margin-top:10px;margin-bottom:10px\">Site designer: SERVICES MARKETING DIVERSIFI\u00c9S, registered with the Paris Trade and Companies Register under number 337 934 483, with its registered office at 94 avenue Gambetta, 75020 Paris.<\/p>\n<\/div>\n\n\n\n<div class=\"wp-block-uagb-container uagb-block-d523e629 alignfull uagb-is-root-container\">\n<div class=\"wp-block-uagb-advanced-heading uagb-block-e0dcb488\"><h2 class=\"uagb-heading-text\"><strong><strong>4.\u00a0\u00a0 INTELLECTUAL PROPERTY<\/strong><\/strong><\/h2><\/div>\n\n\n\n<p style=\"margin-top:10px;margin-bottom:10px\">Site publisher: Casabarbara Domiciles, a simplified joint-stock company (SAS) with its registered office at 21\u201325 rue Balzac, 75008 Paris, France, registered with the Paris Trade and Companies Register under number 844 086 207.<\/p>\n\n\n\n<p style=\"margin-top:10px;margin-bottom:10px\">Publication director: Olivier Lebouch\u00e9, President.\nAnyone may contact the Site publisher by email at contact@casabarbara.com or by phone at +33 (0)1 75 25 51 41.<\/p>\n\n\n\n<p style=\"margin-top:10px;margin-bottom:10px\">Site host: OVH, 2 rue Kellermann, 59100 Roubaix, France, SAS with a share capital of \u20ac10,174,560, registered with RCS Lille M\u00e9tropole under number 424 761 419, APE code 6311Z, EU VAT No. FR 22 424 761 419.<\/p>\n\n\n\n<p style=\"margin-top:10px;margin-bottom:10px\">Site designer: SERVICES MARKETING DIVERSIFI\u00c9S, registered with the Paris Trade and Companies Register under number 337 934 483, with its registered office at 94 avenue Gambetta, 75020 Paris.<\/p>\n<\/div>\n<\/div>","protected":false},"excerpt":{"rendered":"<p>Mentions l\u00e9gales En utilisant le pr\u00e9sent site, https:\/\/www.casabarbara.com, ci-apr\u00e8s le \u00ab Site \u00bb, vous reconnaissez avoir pris connaissance des informations et conditions g\u00e9n\u00e9rales d\u2019utilisation d\u00e9taill\u00e9es ci-apr\u00e8s et vous engagez \u00e0 les respecter. Ces conditions g\u00e9n\u00e9rales ont notamment pour objet de vous informer du contenu du Site, de l\u2019existence de droits de propri\u00e9t\u00e9 intellectuelle devant \u00eatre [&hellip;]<\/p>\n","protected":false},"author":1,"featured_media":0,"parent":0,"menu_order":0,"comment_status":"closed","ping_status":"closed","template":"","meta":{"_uag_custom_page_level_css":"","footnotes":""},"class_list":["post-723","page","type-page","status-publish","hentry"],"uagb_featured_image_src":{"full":false,"thumbnail":false,"medium":false,"medium_large":false,"large":false,"1536x1536":false,"2048x2048":false,"trp-custom-language-flag":false},"uagb_author_info":{"display_name":"technique@celaneo.com","author_link":"https:\/\/www.casabarbara.com\/en\/author\/techniquecelaneo-com\/"},"uagb_comment_info":0,"uagb_excerpt":"Mentions l\u00e9gales En utilisant le pr\u00e9sent site, https:\/\/www.casabarbara.com, ci-apr\u00e8s le \u00ab Site \u00bb, vous reconnaissez avoir pris connaissance des informations et conditions g\u00e9n\u00e9rales d\u2019utilisation d\u00e9taill\u00e9es ci-apr\u00e8s et vous engagez \u00e0 les respecter. Ces conditions g\u00e9n\u00e9rales ont notamment pour objet de vous informer du contenu du Site, de l\u2019existence de droits de propri\u00e9t\u00e9 intellectuelle devant \u00eatre&hellip;","_links":{"self":[{"href":"https:\/\/www.casabarbara.com\/en\/wp-json\/wp\/v2\/pages\/723","targetHints":{"allow":["GET"]}}],"collection":[{"href":"https:\/\/www.casabarbara.com\/en\/wp-json\/wp\/v2\/pages"}],"about":[{"href":"https:\/\/www.casabarbara.com\/en\/wp-json\/wp\/v2\/types\/page"}],"author":[{"embeddable":true,"href":"https:\/\/www.casabarbara.com\/en\/wp-json\/wp\/v2\/users\/1"}],"replies":[{"embeddable":true,"href":"https:\/\/www.casabarbara.com\/en\/wp-json\/wp\/v2\/comments?post=723"}],"version-history":[{"count":3,"href":"https:\/\/www.casabarbara.com\/en\/wp-json\/wp\/v2\/pages\/723\/revisions"}],"predecessor-version":[{"id":973,"href":"https:\/\/www.casabarbara.com\/en\/wp-json\/wp\/v2\/pages\/723\/revisions\/973"}],"wp:attachment":[{"href":"https:\/\/www.casabarbara.com\/en\/wp-json\/wp\/v2\/media?parent=723"}],"curies":[{"name":"wp","href":"https:\/\/api.w.org\/{rel}","templated":true}]}}