{"id":803,"date":"2025-12-02T19:52:29","date_gmt":"2025-12-02T18:52:29","guid":{"rendered":"https:\/\/www.casabarbara.com\/?page_id=803"},"modified":"2026-04-13T10:52:16","modified_gmt":"2026-04-13T08:52:16","slug":"contact","status":"publish","type":"page","link":"https:\/\/www.casabarbara.com\/en\/contactez-nous\/","title":{"rendered":"Contact us"},"content":{"rendered":"<div class=\"wp-block-uagb-container form-global-bloc uagb-block-bd73e690 alignfull uagb-is-root-container\">\n<div class=\"wp-block-uagb-container uagb-block-58ae5b7a alignfull uagb-is-root-container\">\n<div class=\"wp-block-uagb-advanced-heading uagb-block-45dd77f7\"><h1 class=\"uagb-heading-text\"><strong>Contact us<\/strong><\/h1><\/div>\n<\/div>\n\n\n\n<div class=\"wp-block-uagb-container uagb-block-2dac4a71 alignfull uagb-is-root-container\">\n<div class=\"wpcf7 no-js\" id=\"wpcf7-f818-o1\" lang=\"fr-FR\" dir=\"ltr\" data-wpcf7-id=\"818\">\n<div class=\"screen-reader-response\"><p role=\"status\" aria-live=\"polite\" aria-atomic=\"true\"><\/p> <ul><\/ul><\/div>\n<form action=\"\/en\/wp-json\/wp\/v2\/pages\/803#wpcf7-f818-o1\" method=\"post\" class=\"wpcf7-form init\" aria-label=\"Formulaire de contact\" novalidate=\"novalidate\" data-status=\"init\" data-trp-original-action=\"\/en\/wp-json\/wp\/v2\/pages\/803#wpcf7-f818-o1\">\n<fieldset class=\"hidden-fields-container\"><input type=\"hidden\" name=\"_wpcf7\" value=\"818\" \/><input type=\"hidden\" name=\"_wpcf7_version\" value=\"6.1.3\" \/><input type=\"hidden\" name=\"_wpcf7_locale\" value=\"fr_FR\" \/><input type=\"hidden\" name=\"_wpcf7_unit_tag\" value=\"wpcf7-f818-o1\" \/><input type=\"hidden\" name=\"_wpcf7_container_post\" value=\"0\" \/><input type=\"hidden\" name=\"_wpcf7_posted_data_hash\" value=\"\" \/><input type=\"hidden\" name=\"_wpcf7_recaptcha_response\" value=\"\" \/>\n<\/fieldset>\n<div id=\"contactbloc\">\n\t<div class=\"content-form-bloc\">\n\t\t<div class=\"d-flex flex-wrap\">\n\t\t\t<div class=\"w-100\">\n\t\t\t\t<div class=\"d-flex justify-right\">\n\t\t\t\t\t<div class=\"left-bloc-form\">\n\t\t\t\t\t\t<h3 class=\"f-48 fw-bold\">Demande d'information Casa Nice\n\t\t\t\t\t\t<\/h3>\n\t\t\t\t\t\t<div class=\"lis-coordonee text-center f-300 f-30\">\n\t\t\t\t\t\t\t<div>\n\t\t\t\t\t\t\t\t<p><a href=\"https:\/\/maps.app.goo.gl\/ZkNuLPvBZ1yEmngM8\" title=\"40 Bd Saint-Roch, 06300 Nice\" target=\"_blank\" rel=\"noopener\">40 Bd Saint-Roch, 06300 Nice<\/a>\n\t\t\t\t\t\t\t\t<\/p>\n\t\t\t\t\t\t\t<\/div>\n\t\t\t\t\t\t\t<div class=\"link-contact-phone\">\n\t\t\t\t\t\t\t\t<p><a href=\"tel:+33 4 22 13 82 87\">+33 4 22 13 82 87<\/a>\n\t\t\t\t\t\t\t\t<\/p>\n\t\t\t\t\t\t\t<\/div>\n\t\t\t\t\t\t\t<p>Leave us your contact details and we\u2019ll get back to you shortly!\u00a0\n\t\t\t\t\t\t\t<\/p>\n\t\t\t\t\t\t<\/div>\n\t\t\t\t\t<\/div>\n\t\t\t\t<\/div>\n\t\t\t<\/div>\n\t\t\t<div class=\"w-100\">\n\t\t\t\t<div class=\"d-flex justify-left\">\n\t\t\t\t\t<div class=\"right-bloc-form\">\n\t\t\t\t\t\t<div class=\"f-30 fw-bold\">\n\t\t\t\t\t\t\t<p>Your contact details\n\t\t\t\t\t\t\t<\/p>\n\t\t\t\t\t\t<\/div>\n\t\t\t\t\t\t<div class=\"form-list list-form-right\">\n\t\t\t\t\t\t\t<div class=\"w-100 relative genre-bloc\">\n\t\t\t\t\t\t\t\t<p><span class=\"wpcf7-form-control-wrap\" data-name=\"genre\"><span class=\"wpcf7-form-control wpcf7-radio\"><span class=\"wpcf7-list-item first\"><label><input type=\"radio\" name=\"genre\" value=\"Monsieur\" \/><span class=\"wpcf7-list-item-label\">Mr<\/span><\/label><\/span><span class=\"wpcf7-list-item last\"><label><input type=\"radio\" name=\"genre\" value=\"Madame\" \/><span class=\"wpcf7-list-item-label\">Mrs<\/span><\/label><\/span><\/span><\/span>\n\t\t\t\t\t\t\t\t<\/p>\n\t\t\t\t\t\t\t<\/div>\n\t\t\t\t\t\t\t<div class=\"d-flex\" id=\"namefirstname\">\n\t\t\t\t\t\t\t\t<div class=\"w-50\">\n\t\t\t\t\t\t\t\t\t<p><span>Last name *<\/span>\n\t\t\t\t\t\t\t\t\t<\/p>\n\t\t\t\t\t\t\t\t\t<div class=\"input-bloc-content\">\n\t\t\t\t\t\t\t\t\t\t<p><span class=\"wpcf7-form-control-wrap\" data-name=\"Nom\"><input size=\"40\" maxlength=\"400\" class=\"wpcf7-form-control wpcf7-text wpcf7-validates-as-required\" aria-required=\"true\" aria-invalid=\"false\" placeholder=\"Enter your last name\" value=\"\" type=\"text\" name=\"Nom\" \/><\/span>\n\t\t\t\t\t\t\t\t\t\t<\/p>\n\t\t\t\t\t\t\t\t\t<\/div>\n\t\t\t\t\t\t\t\t<\/div>\n\t\t\t\t\t\t\t\t<div class=\"w-50\">\n\t\t\t\t\t\t\t\t\t<p><span>First name\u00a0*<\/span>\n\t\t\t\t\t\t\t\t\t<\/p>\n\t\t\t\t\t\t\t\t\t<div class=\"input-bloc-content\">\n\t\t\t\t\t\t\t\t\t\t<p><span class=\"wpcf7-form-control-wrap\" data-name=\"Prenom\"><input size=\"40\" maxlength=\"400\" class=\"wpcf7-form-control wpcf7-text wpcf7-validates-as-required\" aria-required=\"true\" aria-invalid=\"false\" placeholder=\"Enter your first name\" value=\"\" type=\"text\" name=\"Prenom\" \/><\/span>\n\t\t\t\t\t\t\t\t\t\t<\/p>\n\t\t\t\t\t\t\t\t\t<\/div>\n\t\t\t\t\t\t\t\t<\/div>\n\t\t\t\t\t\t\t<\/div>\n\t\t\t\t\t\t\t<div class=\"w-100\" id=\"emailform\">\n\t\t\t\t\t\t\t\t<p><span>Email address *<\/span>\n\t\t\t\t\t\t\t\t<\/p>\n\t\t\t\t\t\t\t\t<div class=\"input-bloc-content\">\n\t\t\t\t\t\t\t\t\t<p><span class=\"wpcf7-form-control-wrap\" data-name=\"Email\"><input size=\"40\" maxlength=\"400\" class=\"wpcf7-form-control wpcf7-email wpcf7-validates-as-required wpcf7-text wpcf7-validates-as-email\" aria-required=\"true\" aria-invalid=\"false\" placeholder=\"Enter your email address\" value=\"\" type=\"email\" name=\"Email\" \/><\/span>\n\t\t\t\t\t\t\t\t\t<\/p>\n\t\t\t\t\t\t\t\t<\/div>\n\t\t\t\t\t\t\t<\/div>\n\t\t\t\t\t\t\t<div class=\"w-100\" id=\"phoneform\">\n\t\t\t\t\t\t\t\t<p><span>Phone *<\/span>\n\t\t\t\t\t\t\t\t<\/p>\n\t\t\t\t\t\t\t\t<div class=\"input-bloc-content\">\n\t\t\t\t\t\t\t\t\t<p><span class=\"wpcf7-form-control-wrap\" data-name=\"phone\"><input size=\"40\" maxlength=\"400\" class=\"wpcf7-form-control wpcf7-tel wpcf7-validates-as-required wpcf7-text wpcf7-validates-as-tel\" aria-required=\"true\" aria-invalid=\"false\" value=\"\" type=\"tel\" name=\"phone\" \/><\/span>\n\t\t\t\t\t\t\t\t\t<\/p>\n\t\t\t\t\t\t\t\t<\/div>\n\t\t\t\t\t\t\t<\/div>\n\t\t\t\t\t\t\t<div class=\"f-18 f-600\">\n\t\t\t\t\t\t\t\t<p>Subject of my request *\n\t\t\t\t\t\t\t\t<\/p>\n\t\t\t\t\t\t\t<\/div>\n\t\t\t\t\t\t\t<div class=\"bloc-objet relative\">\n\t\t\t\t\t\t\t\t<p><span class=\"wpcf7-form-control-wrap\" data-name=\"objet\"><select class=\"wpcf7-form-control wpcf7-select wpcf7-validates-as-required\" aria-required=\"true\" aria-invalid=\"false\" name=\"objet\"><option value=\"En savoir plus\">Learn more<\/option><option value=\"Nos tarifs\">Our prices<\/option><option value=\"Nos offres\">Our offers<\/option><option value=\"Notre restaurant\">Our restaurant<\/option><option value=\"Privatisation\">Privatization<\/option><option value=\"Nos services\">Our services<\/option><option value=\"Nos activit\u00e9s\">Our activities<\/option><option value=\"Nos \u00e9v\u00e9nements\">Our events<\/option><option value=\"L&#039;\u00e9quipe &amp; recrutement\">The team &amp; recruitment<\/option><option value=\"Presse\">Press<\/option><option value=\"Autre\">Other<\/option><\/select><\/span>\n\t\t\t\t\t\t\t\t<\/p>\n\t\t\t\t\t\t\t<\/div>\n\t\t\t\t\t\t\t<div class=\"f-18 f-600\">\n\t\t\t\t\t\t\t\t<p>My message\n\t\t\t\t\t\t\t\t<\/p>\n\t\t\t\t\t\t\t<\/div>\n\t\t\t\t\t\t\t<div class=\"bloc-message\">\n\t\t\t\t\t\t\t\t<p><span class=\"wpcf7-form-control-wrap\" data-name=\"message\"><textarea cols=\"40\" rows=\"10\" maxlength=\"2000\" class=\"wpcf7-form-control wpcf7-textarea\" aria-invalid=\"false\" placeholder=\"Write your message here....\" name=\"message\"><\/textarea><\/span>\n\t\t\t\t\t\t\t\t<\/p>\n\t\t\t\t\t\t\t<\/div>\n\t\t\t\t\t\t\t<div class=\"w-100\" id=\"newsletter\">\n\t\t\t\t\t\t\t\t<div class=\"input-bloc-content\">\n\t\t\t\t\t\t\t\t\t<p><span class=\"wpcf7-form-control-wrap\" data-name=\"newsletter\"><span class=\"wpcf7-form-control wpcf7-checkbox\"><span class=\"wpcf7-list-item first last\"><label><input type=\"checkbox\" name=\"newsletter[]\" value=\"S\u201dabonner \u00e0 la Newsletter\" \/><span class=\"wpcf7-list-item-label\">Subscribe to our newsletter<\/span><\/label><\/span><\/span><\/span>\n\t\t\t\t\t\t\t\t\t<\/p>\n\t\t\t\t\t\t\t\t<\/div>\n\t\t\t\t\t\t\t<\/div>\n\t\t\t\t\t\t\t<div class=\"w-100\" id=\"sendformbloc\">\n\t\t\t\t\t\t\t\t<p><input class=\"wpcf7-form-control wpcf7-submit has-spinner\" type=\"submit\" value=\"SEND\" \/>\n\t\t\t\t\t\t\t\t<\/p>\n\t\t\t\t\t\t\t<\/div>\n\t\t\t\t\t\t<\/div>\n\t\t\t\t\t<\/div>\n\t\t\t\t<\/div>\n\t\t\t<\/div>\n\t\t<\/div>\n\t<\/div>\n<\/div><p style=\"display: none !important;\" class=\"akismet-fields-container\" data-prefix=\"_wpcf7_ak_\"><label>\u0394<textarea name=\"_wpcf7_ak_hp_textarea\" cols=\"45\" rows=\"8\" maxlength=\"100\"><\/textarea><\/label><input type=\"hidden\" id=\"ak_js_1\" name=\"_wpcf7_ak_js\" value=\"230\"\/><script>document.getElementById( \"ak_js_1\" ).setAttribute( \"value\", ( new Date() ).getTime() );<\/script><\/p><div class=\"wpcf7-response-output\" aria-hidden=\"true\"><\/div>\n<input type=\"hidden\" name=\"trp-form-language\" value=\"en\"\/><\/form>\n<\/div>\n\n<\/div>\n<\/div>\n\n\n\n<div class=\"wp-block-uagb-container form-bloc-valid uagb-block-0dfffe0f alignfull uagb-is-root-container\">\n<div class=\"wp-block-uagb-container uagb-block-6ffa1364 default uagb-is-root-container\">\n<div class=\"wp-block-uagb-container uagb-block-c01f5d56 default uagb-is-root-container\">\n<div class=\"wp-block-uagb-advanced-heading uagb-block-f63d4119\"><h3 class=\"uagb-heading-text\">Thank you for contacting us!<\/h3><\/div>\n\n\n\n<p style=\"margin-top:var(--wp--preset--spacing--30);margin-bottom:0px\"><strong>We have received your message.<\/strong><br>You will receive&nbsp;<strong>a reply by email as soon as possible<\/strong>.<\/p>\n\n\n\n<p style=\"margin-top:var(--wp--preset--spacing--30);margin-bottom:0px\"><strong>Thank you<\/strong> !<\/p>\n<\/div>\n<\/div>\n\n\n\n<div class=\"wp-block-uagb-container uagb-block-c2743e7e default uagb-is-root-container\">\n<div class=\"wp-block-uagb-image uagb-block-283d2af5 wp-block-uagb-image--layout-default wp-block-uagb-image--effect-static wp-block-uagb-image--align-none\"><figure class=\"wp-block-uagb-image__figure\"><img decoding=\"async\" srcset=\"https:\/\/www.casabarbara.com\/wp-content\/uploads\/2025\/12\/img-reception-1024x1024.jpg ,https:\/\/www.casabarbara.com\/wp-content\/uploads\/2025\/12\/img-reception.jpg 780w, https:\/\/www.casabarbara.com\/wp-content\/uploads\/2025\/12\/img-reception.jpg 360w\" sizes=\"auto, (max-width: 480px) 150px\" src=\"https:\/\/www.casabarbara.com\/wp-content\/uploads\/2025\/12\/img-reception-1024x1024.jpg\" alt=\"Woman relaxing on the sofa\" class=\"uag-image-976\" width=\"1024\" height=\"1024\" title=\"Woman relaxing on the sofa\" loading=\"lazy\" role=\"img\"\/><\/figure><\/div>\n<\/div>\n<\/div>\n\n\n\n<div class=\"wp-block-uagb-container form-bloc-invalid uagb-block-e739dc23 alignfull uagb-is-root-container\">\n<div class=\"wp-block-uagb-container uagb-block-f45cf117 default uagb-is-root-container\">\n<div class=\"wp-block-uagb-container uagb-block-fe9b8646 default uagb-is-root-container\">\n<div class=\"wp-block-uagb-advanced-heading uagb-block-861ceedc\"><h3 class=\"uagb-heading-text\">Er is een fout opgetreden!<\/h3><\/div>\n\n\n\n<p style=\"margin-top:var(--wp--preset--spacing--30);margin-bottom:0px\"><strong>Your message could not be sent.<\/strong><br>Please check that you have&nbsp;<strong>fill in all the mandatory fields<\/strong>&nbsp;form.<\/p>\n\n\n\n<p style=\"margin-top:var(--wp--preset--spacing--30);margin-bottom:0px\"><strong>Thank you<\/strong> !<\/p>\n<\/div>\n<\/div>\n\n\n\n<div class=\"wp-block-uagb-container uagb-block-8926d614 default uagb-is-root-container\">\n<div class=\"wp-block-uagb-image uagb-block-917d312e wp-block-uagb-image--layout-default wp-block-uagb-image--effect-static wp-block-uagb-image--align-none\"><figure class=\"wp-block-uagb-image__figure\"><img decoding=\"async\" srcset=\"https:\/\/www.casabarbara.com\/wp-content\/uploads\/2025\/12\/img-erreur-1024x1024.jpg ,https:\/\/www.casabarbara.com\/wp-content\/uploads\/2025\/12\/img-erreur.jpg 780w, https:\/\/www.casabarbara.com\/wp-content\/uploads\/2025\/12\/img-erreur.jpg 360w\" sizes=\"auto, (max-width: 480px) 150px\" src=\"https:\/\/www.casabarbara.com\/wp-content\/uploads\/2025\/12\/img-erreur-1024x1024.jpg\" alt=\"Elderly woman\" class=\"uag-image-978\" width=\"1024\" height=\"1024\" title=\"Elderly woman\" loading=\"lazy\" role=\"img\"\/><\/figure><\/div>\n<\/div>\n<\/div>","protected":false},"excerpt":{"rendered":"<p>Contactez-nous Merci de nous avoir contact\u00e9 ! Nous avons bien re\u00e7u votre message.Vous recevrez&nbsp;une r\u00e9ponse par email dans les plus brefs d\u00e9lais. Merci ! Une erreur est survenue ! Votre message n\u2019a pas pu \u00eatre envoy\u00e9.Veuillez v\u00e9rifier que vous avez&nbsp;rempli tous les champs obligatoires&nbsp;du formulaire. Merci !<\/p>","protected":false},"author":1,"featured_media":0,"parent":0,"menu_order":0,"comment_status":"closed","ping_status":"closed","template":"","meta":{"_uag_custom_page_level_css":"","footnotes":""},"class_list":["post-803","page","type-page","status-publish","hentry"],"uagb_featured_image_src":{"full":false,"thumbnail":false,"medium":false,"medium_large":false,"large":false,"1536x1536":false,"2048x2048":false,"trp-custom-language-flag":false},"uagb_author_info":{"display_name":"technique@celaneo.com","author_link":"https:\/\/www.casabarbara.com\/en\/author\/techniquecelaneo-com\/"},"uagb_comment_info":0,"uagb_excerpt":"Contactez-nous Merci de nous avoir contact\u00e9 ! Nous avons bien re\u00e7u votre message.Vous recevrez&nbsp;une r\u00e9ponse par email dans les plus brefs d\u00e9lais. Merci ! Une erreur est survenue ! Votre message n\u2019a pas pu \u00eatre envoy\u00e9.Veuillez v\u00e9rifier que vous avez&nbsp;rempli tous les champs obligatoires&nbsp;du formulaire. Merci !","_links":{"self":[{"href":"https:\/\/www.casabarbara.com\/en\/wp-json\/wp\/v2\/pages\/803","targetHints":{"allow":["GET"]}}],"collection":[{"href":"https:\/\/www.casabarbara.com\/en\/wp-json\/wp\/v2\/pages"}],"about":[{"href":"https:\/\/www.casabarbara.com\/en\/wp-json\/wp\/v2\/types\/page"}],"author":[{"embeddable":true,"href":"https:\/\/www.casabarbara.com\/en\/wp-json\/wp\/v2\/users\/1"}],"replies":[{"embeddable":true,"href":"https:\/\/www.casabarbara.com\/en\/wp-json\/wp\/v2\/comments?post=803"}],"version-history":[{"count":14,"href":"https:\/\/www.casabarbara.com\/en\/wp-json\/wp\/v2\/pages\/803\/revisions"}],"predecessor-version":[{"id":3595,"href":"https:\/\/www.casabarbara.com\/en\/wp-json\/wp\/v2\/pages\/803\/revisions\/3595"}],"wp:attachment":[{"href":"https:\/\/www.casabarbara.com\/en\/wp-json\/wp\/v2\/media?parent=803"}],"curies":[{"name":"wp","href":"https:\/\/api.w.org\/{rel}","templated":true}]}}