{"id":924,"date":"2025-12-08T07:45:32","date_gmt":"2025-12-08T06:45:32","guid":{"rendered":"https:\/\/www.casabarbara.com\/?page_id=924"},"modified":"2026-03-13T14:30:26","modified_gmt":"2026-03-13T13:30:26","slug":"privacy-policy","status":"publish","type":"page","link":"https:\/\/www.casabarbara.com\/en\/politique-de-confidentialite\/","title":{"rendered":"PRIVACY POLICY"},"content":{"rendered":"<div class=\"wp-block-uagb-container uagb-block-58ae5b7a alignfull uagb-is-root-container\">\n<div class=\"wp-block-uagb-advanced-heading uagb-block-4a8c7d60\"><h1 class=\"uagb-heading-text\">PRIVACY POLICY<\/h1><\/div>\n<\/div>\n\n\n\n<div class=\"wp-block-uagb-container uagb-block-fc13168a alignfull uagb-is-root-container\">\n<div class=\"wp-block-uagb-container uagb-block-b5b7d877 alignfull uagb-is-root-container\">\n<div class=\"wp-block-uagb-advanced-heading uagb-block-c628ca4c\"><h2 class=\"uagb-heading-text\"><strong>About us ?<\/strong><\/h2><\/div>\n\n\n\n<p style=\"margin-top:10px;margin-bottom:10px\">Our website address is:\nhttps:\/\/www.casabarbara.com\/casabarbara.<\/p>\n<\/div>\n\n\n\n<div class=\"wp-block-uagb-container uagb-block-d82fe3de alignfull uagb-is-root-container\">\n<div class=\"wp-block-uagb-advanced-heading uagb-block-742dc473\"><h2 class=\"uagb-heading-text\"><strong><strong>Comments<\/strong><\/strong><\/h2><\/div>\n\n\n\n<p style=\"margin-top:10px;margin-bottom:10px\">When you leave a comment on our site, the data entered in the comment form, along with your IP address and your browser's user agent, are collected to help us detect spam comments.<\/p>\n\n\n\n<p style=\"margin-top:10px;margin-bottom:10px\">An anonymized chain generated from your email address (also called a hash) may be sent to the Gravatar service to check if you are using it. The Gravatar service's privacy clauses are available here: https:\/\/automattic.com\/privacy\/. After your comment is approved, your profile photo will be publicly visible next to your comment.<\/p>\n<\/div>\n\n\n\n<div class=\"wp-block-uagb-container uagb-block-e8f4fd33 alignfull uagb-is-root-container\">\n<div class=\"wp-block-uagb-advanced-heading uagb-block-b0864f9c\"><h2 class=\"uagb-heading-text\"><strong><strong>Media<\/strong><\/strong><\/h2><\/div>\n\n\n\n<p style=\"margin-top:10px;margin-bottom:10px\">If you upload images to the site, we advise you to avoid uploading images containing EXIF GPS coordinates data. Visitors to your site may download and extract location data from these images.<\/p>\n<\/div>\n\n\n\n<div class=\"wp-block-uagb-container uagb-block-d523e629 alignfull uagb-is-root-container\">\n<div class=\"wp-block-uagb-advanced-heading uagb-block-e0dcb488\"><h2 class=\"uagb-heading-text\"><strong><strong>Cookies<\/strong><\/strong><\/h2><\/div>\n\n\n\n<p style=\"margin-top:10px;margin-bottom:10px\">If you leave a comment on our site, you will be prompted to save your name, email address, and website in cookies. This is solely for your convenience so you do not have to enter this information again for a future comment. These cookies expire after one year.<\/p>\n\n\n\n<p>If you visit the login page, a temporary cookie will be created to determine if your browser accepts cookies. It contains no personal data and will be automatically deleted when you close your browser.<\/p>\n\n\n\n<p>When you log in, we will set several cookies to store your login information and screen preferences. A login cookie lasts two days, while a screen options cookie lasts one year. If you check \"Remember Me,\" your login cookie will be retained for two weeks. If you log out of your account, the login cookie will be deleted.<\/p>\n\n\n\n<p style=\"margin-top:10px;margin-bottom:10px\">When editing or publishing a post, an additional cookie will be saved in your browser. This cookie contains no personal data. It simply indicates the ID of the post you just edited. It expires after one day.<\/p>\n<\/div>\n\n\n\n<div class=\"wp-block-uagb-container uagb-block-644f9bf4 alignfull uagb-is-root-container\">\n<div class=\"wp-block-uagb-advanced-heading uagb-block-2239b748\"><h2 class=\"uagb-heading-text\"><strong><strong>Embedded Content from Other Sites<\/strong><\/strong><\/h2><\/div>\n\n\n\n<p style=\"margin-top:10px;margin-bottom:10px\">Articles on this site may include embedded content (e.g., videos, images, articles, etc.). Embedded content from other sites behaves in the same way as if the visitor had visited the other site.<\/p>\n\n\n\n<p style=\"margin-top:10px;margin-bottom:10px\">These websites may collect data about you, use cookies, embed third-party tracking tools, and monitor your interactions with the embedded content if you have an account connected on their website.<\/p>\n<\/div>\n\n\n\n<div class=\"wp-block-uagb-container uagb-block-42c0863d alignfull uagb-is-root-container\">\n<div class=\"wp-block-uagb-advanced-heading uagb-block-f5da3ec5\"><h2 class=\"uagb-heading-text\"><strong><strong>Use and Transmission of Your Personal Data<\/strong><\/strong><\/h2><\/div>\n\n\n\n<p style=\"margin-top:10px;margin-bottom:10px\">If you request a password reset, your IP address will be included in the reset email.<\/p>\n<\/div>\n\n\n\n<div class=\"wp-block-uagb-container uagb-block-c4e45066 alignfull uagb-is-root-container\">\n<div class=\"wp-block-uagb-advanced-heading uagb-block-761bc9d7\"><h2 class=\"uagb-heading-text\"><strong><strong>Storage Duration of Your Data<\/strong><\/strong><\/h2><\/div>\n\n\n\n<p style=\"margin-top:10px;margin-bottom:10px\">If you leave a comment, the comment and its metadata are retained indefinitely. This allows us to recognize and automatically approve follow-up comments instead of holding them in moderation.<\/p>\n\n\n\n<p style=\"margin-top:10px;margin-bottom:10px\">For accounts that register on our site (if applicable), we also store the personal data indicated in their profile. All account holders can view, edit, or delete their personal information at any time (except their username). Site administrators can also view and edit this information.<\/p>\n<\/div>\n\n\n\n<div class=\"wp-block-uagb-container uagb-block-294b5a4b alignfull uagb-is-root-container\">\n<div class=\"wp-block-uagb-advanced-heading uagb-block-4643a18a\"><h2 class=\"uagb-heading-text\"><strong><strong>Your Rights Over Your Data<\/strong><\/strong><\/h2><\/div>\n\n\n\n<p style=\"margin-top:10px;margin-bottom:10px\">If you have an account or have left comments on the site, you can request a file containing all the personal data we hold about you, including that which you have provided to us. You can also request the deletion of your personal data. This does not include data stored for administrative, legal, or security purposes.<\/p>\n<\/div>\n\n\n\n<div class=\"wp-block-uagb-container uagb-block-e332ce09 alignfull uagb-is-root-container\">\n<div class=\"wp-block-uagb-advanced-heading uagb-block-d0b515e7\"><h2 class=\"uagb-heading-text\"><strong><strong>Where Your Data Is Sent<\/strong><\/strong><\/h2><\/div>\n\n\n\n<p style=\"margin-top:10px;margin-bottom:10px\">Visitor comments may be checked using an automated spam detection service.<\/p>\n<\/div>\n<\/div>","protected":false},"excerpt":{"rendered":"<p>Politique de confidentialit\u00e9 Qui sommes-nous\u00a0? L\u2019adresse de notre site est : https:\/\/www.casabarbara.com\/casabarbara. Commentaires Quand vous laissez un commentaire sur notre site, les donn\u00e9es inscrites dans le formulaire de commentaire, ainsi que votre adresse IP et l\u2019agent utilisateur de votre navigateur sont collect\u00e9s pour nous aider \u00e0 la d\u00e9tection des commentaires ind\u00e9sirables. Une cha\u00eene anonymis\u00e9e cr\u00e9\u00e9e [&hellip;]<\/p>\n","protected":false},"author":1,"featured_media":0,"parent":0,"menu_order":0,"comment_status":"closed","ping_status":"closed","template":"","meta":{"_uag_custom_page_level_css":"","footnotes":""},"class_list":["post-924","page","type-page","status-publish","hentry"],"uagb_featured_image_src":{"full":false,"thumbnail":false,"medium":false,"medium_large":false,"large":false,"1536x1536":false,"2048x2048":false,"trp-custom-language-flag":false},"uagb_author_info":{"display_name":"technique@celaneo.com","author_link":"https:\/\/www.casabarbara.com\/en\/author\/techniquecelaneo-com\/"},"uagb_comment_info":0,"uagb_excerpt":"Politique de confidentialit\u00e9 Qui sommes-nous\u00a0? L\u2019adresse de notre site est : https:\/\/www.casabarbara.com\/casabarbara. Commentaires Quand vous laissez un commentaire sur notre site, les donn\u00e9es inscrites dans le formulaire de commentaire, ainsi que votre adresse IP et l\u2019agent utilisateur de votre navigateur sont collect\u00e9s pour nous aider \u00e0 la d\u00e9tection des commentaires ind\u00e9sirables. Une cha\u00eene anonymis\u00e9e cr\u00e9\u00e9e&hellip;","_links":{"self":[{"href":"https:\/\/www.casabarbara.com\/en\/wp-json\/wp\/v2\/pages\/924","targetHints":{"allow":["GET"]}}],"collection":[{"href":"https:\/\/www.casabarbara.com\/en\/wp-json\/wp\/v2\/pages"}],"about":[{"href":"https:\/\/www.casabarbara.com\/en\/wp-json\/wp\/v2\/types\/page"}],"author":[{"embeddable":true,"href":"https:\/\/www.casabarbara.com\/en\/wp-json\/wp\/v2\/users\/1"}],"replies":[{"embeddable":true,"href":"https:\/\/www.casabarbara.com\/en\/wp-json\/wp\/v2\/comments?post=924"}],"version-history":[{"count":5,"href":"https:\/\/www.casabarbara.com\/en\/wp-json\/wp\/v2\/pages\/924\/revisions"}],"predecessor-version":[{"id":1001,"href":"https:\/\/www.casabarbara.com\/en\/wp-json\/wp\/v2\/pages\/924\/revisions\/1001"}],"wp:attachment":[{"href":"https:\/\/www.casabarbara.com\/en\/wp-json\/wp\/v2\/media?parent=924"}],"curies":[{"name":"wp","href":"https:\/\/api.w.org\/{rel}","templated":true}]}}