{"id":1183,"date":"2025-12-10T15:41:59","date_gmt":"2025-12-10T14:41:59","guid":{"rendered":"https:\/\/www.casabarbara.com\/?page_id=1183"},"modified":"2026-03-13T14:35:07","modified_gmt":"2026-03-13T13:35:07","slug":"credits","status":"publish","type":"page","link":"https:\/\/www.casabarbara.com\/nl\/credits\/","title":{"rendered":"Credits"},"content":{"rendered":"<div class=\"wp-block-uagb-container uagb-block-58ae5b7a alignfull uagb-is-root-container\">\n<div class=\"wp-block-uagb-advanced-heading uagb-block-4a8c7d60\"><h1 class=\"uagb-heading-text\">Credits<\/h1><\/div>\n<\/div>\n\n\n\n<div class=\"wp-block-uagb-container uagb-block-fc13168a alignfull uagb-is-root-container\"><div class=\"uagb-container-inner-blocks-wrap\">\n<div class=\"wp-block-uagb-container uagb-block-d82fe3de alignfull uagb-is-root-container\">\n<div class=\"wp-block-uagb-advanced-heading uagb-block-742dc473\"><h2 class=\"uagb-heading-text\"><strong><strong>Credits<\/strong><\/strong><\/h2><\/div>\n\n\n\n<p><\/p>\n\n\n\n<p style=\"margin-top:10px;margin-bottom:10px\"><strong>Deze website is ontworpen, gerealiseerd en ontwikkeld door CELANEO, een digitaal bureau gespecialiseerd in op maat gemaakte weboplossingen.<\/strong><\/p>\n\n\n\n<p><strong>CELANEO begeleidt haar klanten bij:<\/strong><\/p>\n\n\n\n<ul class=\"wp-block-list\">\n<li>UX\/UI en ontwerp van gebruikerservaringen<\/li>\n\n\n\n<li>Technische ontwikkeling<\/li>\n\n\n\n<li>SEO-optimalisatie<\/li>\n\n\n\n<li>Implementatie van duurzame digitale oplossingen.<\/li>\n<\/ul>\n\n\n\n<p style=\"margin-top:10px;margin-bottom:10px\"><strong>Oplossingen die zijn afgestemd op de zakelijke en strategische uitdagingen van elk bedrijf.<\/strong><\/p>\n<\/div>\n\n\n\n<div class=\"wp-block-uagb-container uagb-block-e8f4fd33 alignfull uagb-is-root-container\">\n<div class=\"wp-block-uagb-advanced-heading uagb-block-b0864f9c\"><h2 class=\"uagb-heading-text\"><strong><strong>Agentschap CELANEO<\/strong><\/strong><\/h2><\/div>\n\n\n\n<p style=\"margin-top:10px;margin-bottom:10px\">9 rue des Halles<br>75001 Parijs - France<br>Telefoon : <a href=\"tel:+33 1 45 08 07 50\" target=\"_blank\" rel=\"noreferrer noopener\">+33 1 45 08 07 50<\/a><br>Website : <a href=\"https:\/\/www.celaneo.com\" target=\"_blank\" rel=\"noreferrer noopener\">https:\/\/www.celaneo.com<\/a><\/p>\n\n\n\n<p><\/p>\n\n\n\n<p><strong>Casa Barbara<\/strong> | <a href=\"#\">Beleid<\/a><a href=\"https:\/\/www.casabarbara.com\/nl\/privacybeleid\/\"> <\/a><a href=\"#\">Vertrouwelijkheid<\/a> | <a href=\"https:\/\/www.casabarbara.com\/nl\/juridisch\/\">Juridische informatie<\/a><\/p>\n<\/div>\n<\/div><\/div>\n\n\n\n<p><\/p>","protected":false},"excerpt":{"rendered":"<p>Cr\u00e9dits Cr\u00e9dits Ce site internet a \u00e9t\u00e9 con\u00e7u, r\u00e9alis\u00e9 et d\u00e9velopp\u00e9 par CELANEO, agence digitale sp\u00e9cialis\u00e9e dans la cr\u00e9ation de solutions web sur mesure pour les entreprises. CELANEO accompagne ses clients dans : Solutions adapt\u00e9es aux enjeux m\u00e9tiers et strat\u00e9giques de chaque entreprise. Agence CELANEO 9 rue des Halles75001 Paris \u2013 FranceT\u00e9l\u00e9phone : +33 1 [&hellip;]<\/p>\n","protected":false},"author":1,"featured_media":0,"parent":0,"menu_order":0,"comment_status":"closed","ping_status":"closed","template":"","meta":{"_uag_custom_page_level_css":"","footnotes":""},"class_list":["post-1183","page","type-page","status-publish","hentry"],"uagb_featured_image_src":{"full":false,"thumbnail":false,"medium":false,"medium_large":false,"large":false,"1536x1536":false,"2048x2048":false,"trp-custom-language-flag":false},"uagb_author_info":{"display_name":"technique@celaneo.com","author_link":"https:\/\/www.casabarbara.com\/nl\/author\/techniquecelaneo-com\/"},"uagb_comment_info":0,"uagb_excerpt":"Cr\u00e9dits Cr\u00e9dits Ce site internet a \u00e9t\u00e9 con\u00e7u, r\u00e9alis\u00e9 et d\u00e9velopp\u00e9 par CELANEO, agence digitale sp\u00e9cialis\u00e9e dans la cr\u00e9ation de solutions web sur mesure pour les entreprises. CELANEO accompagne ses clients dans : Solutions adapt\u00e9es aux enjeux m\u00e9tiers et strat\u00e9giques de chaque entreprise. Agence CELANEO 9 rue des Halles75001 Paris \u2013 FranceT\u00e9l\u00e9phone : +33 1&hellip;","_links":{"self":[{"href":"https:\/\/www.casabarbara.com\/nl\/wp-json\/wp\/v2\/pages\/1183","targetHints":{"allow":["GET"]}}],"collection":[{"href":"https:\/\/www.casabarbara.com\/nl\/wp-json\/wp\/v2\/pages"}],"about":[{"href":"https:\/\/www.casabarbara.com\/nl\/wp-json\/wp\/v2\/types\/page"}],"author":[{"embeddable":true,"href":"https:\/\/www.casabarbara.com\/nl\/wp-json\/wp\/v2\/users\/1"}],"replies":[{"embeddable":true,"href":"https:\/\/www.casabarbara.com\/nl\/wp-json\/wp\/v2\/comments?post=1183"}],"version-history":[{"count":6,"href":"https:\/\/www.casabarbara.com\/nl\/wp-json\/wp\/v2\/pages\/1183\/revisions"}],"predecessor-version":[{"id":1722,"href":"https:\/\/www.casabarbara.com\/nl\/wp-json\/wp\/v2\/pages\/1183\/revisions\/1722"}],"wp:attachment":[{"href":"https:\/\/www.casabarbara.com\/nl\/wp-json\/wp\/v2\/media?parent=1183"}],"curies":[{"name":"wp","href":"https:\/\/api.w.org\/{rel}","templated":true}]}}