{"id":3789,"date":"2026-04-20T15:51:08","date_gmt":"2026-04-20T13:51:08","guid":{"rendered":"https:\/\/www.casabarbara.com\/?page_id=3789"},"modified":"2026-04-23T10:22:15","modified_gmt":"2026-04-23T08:22:15","slug":"nos-articles","status":"publish","type":"page","link":"https:\/\/www.casabarbara.com\/nl\/nos-articles\/","title":{"rendered":"Nos articles"},"content":{"rendered":"\n<div class=\"wp-block-uagb-container uagb-block-58ae5b7a alignfull uagb-is-root-container\">\n<div class=\"wp-block-uagb-advanced-heading uagb-block-4a8c7d60\"><h1 class=\"uagb-heading-text\">Nos articles<\/h1><\/div>\n<\/div>\n\n\n\n<div class=\"wp-block-uagb-container page-all-article uagb-block-fc13168a alignfull uagb-is-root-container\"><div class=\"uagb-container-inner-blocks-wrap\"><div class=\"relative trie-bloc\"><div class=\" f-18 clic-trie\"> Filtrer par : <strong>Tous<\/strong> <\/div> <ul class=\"categories-list\"><li class=\"all-articles\">Tous<\/li> <li class=\"cat_136\"><span class=\"category-name\">Bien vieillir activement<\/span><\/li><li class=\"cat_135\"><span class=\"category-name\">Logement s\u00e9nior<\/span><\/li><li class=\"cat_137\"><span class=\"category-name\">Quartiers de Nice<\/span><\/li><li class=\"cat_134\"><span class=\"category-name\">Sant\u00e9 &amp; bien \u00eatre<\/span><\/li><li class=\"cat_133\"><span class=\"category-name\">Vivre \u00e0 Nice<\/span><\/li><\/ul><\/div>\n<\/div><\/div>\n\n\n\n<div class=\"wp-block-uagb-container page-all-article uagb-block-dd15a50e alignfull uagb-is-root-container\"><div class=\"uagb-container-inner-blocks-wrap\"><div class=\"all-articles\"><div class=\"articles-grid d-flex flex-wrap\"><div class=\"article-card relative w-33 id_134\"><div class=\"category-info\"><span class=\"category-name\">Sant\u00e9 &amp; bien \u00eatre<\/a><\/div><div class=\"image-content-single\" > <a href=\"https:\/\/www.casabarbara.com\/nl\/climat-mediterraneen-arthrite-douleurs-articulaires-seniors\/\"><img loading=\"lazy\" decoding=\"async\" width=\"300\" height=\"200\" src=\"https:\/\/www.casabarbara.com\/wp-content\/uploads\/2026\/01\/dreamstime_xxl_57749866-300x200.jpg\" class=\"attachment-medium size-medium wp-post-image\" alt=\"\" srcset=\"https:\/\/www.casabarbara.com\/wp-content\/uploads\/2026\/01\/dreamstime_xxl_57749866-300x200.jpg 300w, https:\/\/www.casabarbara.com\/wp-content\/uploads\/2026\/01\/dreamstime_xxl_57749866-1024x683.jpg 1024w, https:\/\/www.casabarbara.com\/wp-content\/uploads\/2026\/01\/dreamstime_xxl_57749866-768x512.jpg 768w, https:\/\/www.casabarbara.com\/wp-content\/uploads\/2026\/01\/dreamstime_xxl_57749866-1536x1024.jpg 1536w, https:\/\/www.casabarbara.com\/wp-content\/uploads\/2026\/01\/dreamstime_xxl_57749866-2048x1366.jpg 2048w\" sizes=\"auto, (max-width: 300px) 100vw, 300px\" \/><\/a><\/div><div class=\"detail-article-item\"><h3 class=\"fw-bold\"> <a href=\"https:\/\/www.casabarbara.com\/nl\/climat-mediterraneen-arthrite-douleurs-articulaires-seniors\/\" class=\"f-20\">Arthrite et climat m\u00e9diterran\u00e9en : et si Nice \u00e9tait votre meilleur rhumatologue ?<\/a> <\/h3><span class=\"article-date\">09 apr 2026<\/span><div class=\"description-article\">Le climat de Nice soulage-t-il vraiment les douleurs articulaires ? Soleil, chaleur, vitamine D : ce que dit la science sur l'arthrite et la M\u00e9diterran\u00e9e.<\/div><div class=\"link-single-article\"> <a class=\"voir-plus f-18 fw-bold\" href=\"https:\/\/www.casabarbara.com\/nl\/climat-mediterraneen-arthrite-douleurs-articulaires-seniors\/\"> Voir plus <\/a> <\/div><\/div><\/div><div class=\"article-card relative w-33 id_137\"><div class=\"category-info\"><span class=\"category-name\">Quartiers de Nice<\/a><\/div><div class=\"image-content-single\" > <a href=\"https:\/\/www.casabarbara.com\/nl\/vivre-quartier-saint-roch-nice-senior\/\"><img loading=\"lazy\" decoding=\"async\" width=\"300\" height=\"195\" src=\"https:\/\/www.casabarbara.com\/wp-content\/uploads\/2026\/01\/dreamstime_xxl_429115811-300x195.jpg\" class=\"attachment-medium size-medium wp-post-image\" alt=\"\" srcset=\"https:\/\/www.casabarbara.com\/wp-content\/uploads\/2026\/01\/dreamstime_xxl_429115811-300x195.jpg 300w, https:\/\/www.casabarbara.com\/wp-content\/uploads\/2026\/01\/dreamstime_xxl_429115811-1024x665.jpg 1024w, https:\/\/www.casabarbara.com\/wp-content\/uploads\/2026\/01\/dreamstime_xxl_429115811-768x498.jpg 768w, https:\/\/www.casabarbara.com\/wp-content\/uploads\/2026\/01\/dreamstime_xxl_429115811-1536x997.jpg 1536w, https:\/\/www.casabarbara.com\/wp-content\/uploads\/2026\/01\/dreamstime_xxl_429115811-2048x1329.jpg 2048w\" sizes=\"auto, (max-width: 300px) 100vw, 300px\" \/><\/a><\/div><div class=\"detail-article-item\"><h3 class=\"fw-bold\"> <a href=\"https:\/\/www.casabarbara.com\/nl\/vivre-quartier-saint-roch-nice-senior\/\" class=\"f-20\">Saint-Roch \u00e0 Nice : le quartier o\u00f9 la vie reprend de la vitesse<\/a> <\/h3><span class=\"article-date\">09 apr 2026<\/span><div class=\"description-article\">On vous a peut-\u00eatre vendu la retraite comme un ralentissement. Un repli. Une mise en retrait du monde. C&rsquo;est le contraire qui se passe \u00e0 Saint-Roch. Ce quartier ni\u00e7ois \u2014 authentique, anim\u00e9, vivant \u2014 est l&rsquo;un de ces rares endroits o\u00f9 la vie de quartier n&rsquo;est pas un concept marketing. C&rsquo;est une r\u00e9alit\u00e9 quotidienne. Le [&hellip;]<\/div><div class=\"link-single-article\"> <a class=\"voir-plus f-18 fw-bold\" href=\"https:\/\/www.casabarbara.com\/nl\/vivre-quartier-saint-roch-nice-senior\/\"> Voir plus <\/a> <\/div><\/div><\/div><div class=\"article-card relative w-33 id_137\"><div class=\"category-info\"><span class=\"category-name\">Quartiers de Nice<\/a><\/div><div class=\"image-content-single\" > <a href=\"https:\/\/www.casabarbara.com\/nl\/meilleur-quartier-nice-senior\/\"><img loading=\"lazy\" decoding=\"async\" width=\"300\" height=\"200\" src=\"https:\/\/www.casabarbara.com\/wp-content\/uploads\/2026\/01\/L1151740-300x200.jpg\" class=\"attachment-medium size-medium wp-post-image\" alt=\"Two pink caps with the logo &quot;Casa Barbera&quot; resting on a large rock by the waterfront in Nice. The calm water reflects the shoreline and colorful buildings in the background, highlighting a tranquil scene that invites visitors to explore what to do in Nice.\" srcset=\"https:\/\/www.casabarbara.com\/wp-content\/uploads\/2026\/01\/L1151740-300x200.jpg 300w, https:\/\/www.casabarbara.com\/wp-content\/uploads\/2026\/01\/L1151740-1024x682.jpg 1024w, https:\/\/www.casabarbara.com\/wp-content\/uploads\/2026\/01\/L1151740-768x511.jpg 768w, https:\/\/www.casabarbara.com\/wp-content\/uploads\/2026\/01\/L1151740-1536x1022.jpg 1536w, https:\/\/www.casabarbara.com\/wp-content\/uploads\/2026\/01\/L1151740-2048x1363.jpg 2048w\" sizes=\"auto, (max-width: 300px) 100vw, 300px\" \/><\/a><\/div><div class=\"detail-article-item\"><h3 class=\"fw-bold\"> <a href=\"https:\/\/www.casabarbara.com\/nl\/meilleur-quartier-nice-senior\/\" class=\"f-20\">Meilleur quartier o\u00f9 vivre \u00e0 Nice quand on est senior<\/a> <\/h3><span class=\"article-date\">08 apr 2026<\/span><div class=\"description-article\">Nice, c&rsquo;est dix villes en une. Choisir le bon quartier, c&rsquo;est choisir une qualit\u00e9 de vie \u2014 pas seulement une adresse. On dit souvent \u00ab\u00a0je veux vivre \u00e0 Nice\u00a0\u00bb. Rarement \u00ab\u00a0je veux vivre dans tel quartier de Nice\u00a0\u00bb. Pourtant, la ville est d&rsquo;une diversit\u00e9 saisissante : entre le calme r\u00e9sidentiel de Cimiez, l&rsquo;effervescence du bord [&hellip;]<\/div><div class=\"link-single-article\"> <a class=\"voir-plus f-18 fw-bold\" href=\"https:\/\/www.casabarbara.com\/nl\/meilleur-quartier-nice-senior\/\"> Voir plus <\/a> <\/div><\/div><\/div><div class=\"article-card relative w-33 id_136\"><div class=\"category-info\"><span class=\"category-name\">Bien vieillir activement<\/a><\/div><div class=\"image-content-single\" > <a href=\"https:\/\/www.casabarbara.com\/nl\/rester-socialement-actif-apres-60-ans\/\"><img loading=\"lazy\" decoding=\"async\" width=\"300\" height=\"228\" src=\"https:\/\/www.casabarbara.com\/wp-content\/uploads\/2025\/12\/Un-moment-de-danse-plein-de-vie-dans-une-ambiance-chaleureuse-300x228.jpg\" class=\"attachment-medium size-medium wp-post-image\" alt=\"Un moment de danse plein de vie dans une ambiance chaleureuse.\" srcset=\"https:\/\/www.casabarbara.com\/wp-content\/uploads\/2025\/12\/Un-moment-de-danse-plein-de-vie-dans-une-ambiance-chaleureuse-300x228.jpg 300w, https:\/\/www.casabarbara.com\/wp-content\/uploads\/2025\/12\/Un-moment-de-danse-plein-de-vie-dans-une-ambiance-chaleureuse-1024x779.jpg 1024w, https:\/\/www.casabarbara.com\/wp-content\/uploads\/2025\/12\/Un-moment-de-danse-plein-de-vie-dans-une-ambiance-chaleureuse-768x584.jpg 768w, https:\/\/www.casabarbara.com\/wp-content\/uploads\/2025\/12\/Un-moment-de-danse-plein-de-vie-dans-une-ambiance-chaleureuse-1536x1168.jpg 1536w, https:\/\/www.casabarbara.com\/wp-content\/uploads\/2025\/12\/Un-moment-de-danse-plein-de-vie-dans-une-ambiance-chaleureuse-2048x1557.jpg 2048w\" sizes=\"auto, (max-width: 300px) 100vw, 300px\" \/><\/a><\/div><div class=\"detail-article-item\"><h3 class=\"fw-bold\"> <a href=\"https:\/\/www.casabarbara.com\/nl\/rester-socialement-actif-apres-60-ans\/\" class=\"f-20\">Rester socialement actif apr\u00e8s 60 ans : guide complet<\/a> <\/h3><span class=\"article-date\">08 apr 2026<\/span><div class=\"description-article\">On sous-estime souvent le lien social. Pourtant, il est peut-\u00eatre le facteur de long\u00e9vit\u00e9 le plus puissant qui existe. La retraite marque souvent une rupture nette. Du jour au lendemain, le cadre professionnel \u2014 ses coll\u00e8gues, ses rituels, sa stimulation quotidienne \u2014 dispara\u00eet. Pour beaucoup, c&rsquo;est une lib\u00e9ration. Pour d&rsquo;autres, c&rsquo;est le d\u00e9but d&rsquo;un isolement [&hellip;]<\/div><div class=\"link-single-article\"> <a class=\"voir-plus f-18 fw-bold\" href=\"https:\/\/www.casabarbara.com\/nl\/rester-socialement-actif-apres-60-ans\/\"> Voir plus <\/a> <\/div><\/div><\/div><div class=\"article-card relative w-33 id_135\"><div class=\"category-info\"><span class=\"category-name\">Logement s\u00e9nior<\/a><\/div><div class=\"image-content-single\" > <a href=\"https:\/\/www.casabarbara.com\/nl\/residence-senior-ou-appartement-classique\/\"><img loading=\"lazy\" decoding=\"async\" width=\"300\" height=\"228\" src=\"https:\/\/www.casabarbara.com\/wp-content\/uploads\/2025\/12\/Un-salon-convivial-ou-les-residents-echangent-dans-une-ambiance-paisible-300x228.jpg\" class=\"attachment-medium size-medium wp-post-image\" alt=\"Un salon convivial o\u00f9 les r\u00e9sidents \u00e9changent dans une ambiance paisible.\" srcset=\"https:\/\/www.casabarbara.com\/wp-content\/uploads\/2025\/12\/Un-salon-convivial-ou-les-residents-echangent-dans-une-ambiance-paisible-300x228.jpg 300w, https:\/\/www.casabarbara.com\/wp-content\/uploads\/2025\/12\/Un-salon-convivial-ou-les-residents-echangent-dans-une-ambiance-paisible-1024x779.jpg 1024w, https:\/\/www.casabarbara.com\/wp-content\/uploads\/2025\/12\/Un-salon-convivial-ou-les-residents-echangent-dans-une-ambiance-paisible-768x584.jpg 768w, https:\/\/www.casabarbara.com\/wp-content\/uploads\/2025\/12\/Un-salon-convivial-ou-les-residents-echangent-dans-une-ambiance-paisible-1536x1168.jpg 1536w, https:\/\/www.casabarbara.com\/wp-content\/uploads\/2025\/12\/Un-salon-convivial-ou-les-residents-echangent-dans-une-ambiance-paisible-2048x1557.jpg 2048w\" sizes=\"auto, (max-width: 300px) 100vw, 300px\" \/><\/a><\/div><div class=\"detail-article-item\"><h3 class=\"fw-bold\"> <a href=\"https:\/\/www.casabarbara.com\/nl\/residence-senior-ou-appartement-classique\/\" class=\"f-20\">R\u00e9sidence senior ou appartement classique : comment choisir ?<\/a> <\/h3><span class=\"article-date\">08 apr 2026<\/span><div class=\"description-article\">Et si la vraie question n&rsquo;\u00e9tait pas \u00ab\u00a0o\u00f9 vivre ?\u00a0\u00bb, mais \u00ab\u00a0comment voulez-vous vivre ?\u00a0\u00bb Beaucoup de seniors abordent ce choix \u00e0 reculons, comme une concession \u00e0 l&rsquo;\u00e2ge. On les comprend. Un appartement \u00e0 soi, c&rsquo;est une vie enti\u00e8re : des habitudes, des souvenirs, une libert\u00e9 qu&rsquo;on ne veut pas sacrifier. Mais la question m\u00e9rite [&hellip;]<\/div><div class=\"link-single-article\"> <a class=\"voir-plus f-18 fw-bold\" href=\"https:\/\/www.casabarbara.com\/nl\/residence-senior-ou-appartement-classique\/\"> Voir plus <\/a> <\/div><\/div><\/div><div class=\"article-card relative w-33 id_134\"><div class=\"category-info\"><span class=\"category-name\">Sant\u00e9 &amp; bien \u00eatre<\/a><\/div><div class=\"image-content-single\" > <a href=\"https:\/\/www.casabarbara.com\/nl\/climat-mediterraneen-sante-seniors\/\"><img loading=\"lazy\" decoding=\"async\" width=\"298\" height=\"300\" src=\"https:\/\/www.casabarbara.com\/wp-content\/uploads\/2025\/11\/Image-16-298x300.jpg\" class=\"attachment-medium size-medium wp-post-image\" alt=\"Deux personnes \u00e2g\u00e9es assises sur un banc ensoleill\u00e9 \u00e0 Nice, ambiance d\u00e9tente.\" srcset=\"https:\/\/www.casabarbara.com\/wp-content\/uploads\/2025\/11\/Image-16-298x300.jpg 298w, https:\/\/www.casabarbara.com\/wp-content\/uploads\/2025\/11\/Image-16-1019x1024.jpg 1019w, https:\/\/www.casabarbara.com\/wp-content\/uploads\/2025\/11\/Image-16-150x150.jpg 150w, https:\/\/www.casabarbara.com\/wp-content\/uploads\/2025\/11\/Image-16-768x772.jpg 768w, https:\/\/www.casabarbara.com\/wp-content\/uploads\/2025\/11\/Image-16.jpg 1500w\" sizes=\"auto, (max-width: 298px) 100vw, 298px\" \/><\/a><\/div><div class=\"detail-article-item\"><h3 class=\"fw-bold\"> <a href=\"https:\/\/www.casabarbara.com\/nl\/climat-mediterraneen-sante-seniors\/\" class=\"f-20\">Les bienfaits du climat m\u00e9diterran\u00e9en sur la sant\u00e9 des seniors<\/a> <\/h3><span class=\"article-date\">18 mrt 2026<\/span><div class=\"description-article\">Vitamine D, air marin, moral, mobilit\u00e9\u2026 D\u00e9couvrez comment le climat m\u00e9diterran\u00e9en agit concr\u00e8tement sur la sant\u00e9 et le bien-\u00eatre des seniors. Le guide Casa Barbara.<\/div><div class=\"link-single-article\"> <a class=\"voir-plus f-18 fw-bold\" href=\"https:\/\/www.casabarbara.com\/nl\/climat-mediterraneen-sante-seniors\/\"> Voir plus <\/a> <\/div><\/div><\/div><div class=\"article-card relative w-33 id_133\"><div class=\"category-info\"><span class=\"category-name\">Vivre \u00e0 Nice<\/a><\/div><div class=\"image-content-single\" > <a href=\"https:\/\/www.casabarbara.com\/nl\/vivre-a-nice-apres-60-ans\/\"><img loading=\"lazy\" decoding=\"async\" width=\"300\" height=\"200\" src=\"https:\/\/www.casabarbara.com\/wp-content\/uploads\/2026\/01\/L1151826-300x200.jpg\" class=\"attachment-medium size-medium wp-post-image\" alt=\"\" srcset=\"https:\/\/www.casabarbara.com\/wp-content\/uploads\/2026\/01\/L1151826-300x200.jpg 300w, https:\/\/www.casabarbara.com\/wp-content\/uploads\/2026\/01\/L1151826-1024x682.jpg 1024w, https:\/\/www.casabarbara.com\/wp-content\/uploads\/2026\/01\/L1151826-768x511.jpg 768w, https:\/\/www.casabarbara.com\/wp-content\/uploads\/2026\/01\/L1151826-1536x1022.jpg 1536w, https:\/\/www.casabarbara.com\/wp-content\/uploads\/2026\/01\/L1151826-2048x1363.jpg 2048w\" sizes=\"auto, (max-width: 300px) 100vw, 300px\" \/><\/a><\/div><div class=\"detail-article-item\"><h3 class=\"fw-bold\"> <a href=\"https:\/\/www.casabarbara.com\/nl\/vivre-a-nice-apres-60-ans\/\" class=\"f-20\">Pourquoi Nice est la ville id\u00e9ale pour vivre apr\u00e8s 60 ans<\/a> <\/h3><span class=\"article-date\">12 mrt 2026<\/span><div class=\"description-article\">Oubliez les clich\u00e9s sur la retraite ! Vivre \u00e0 Nice apr\u00e8s 60 ans n&rsquo;est pas synonyme de ralentir, bien au contraire : acc\u00e9l\u00e9rer, pr\u00e9f\u00e9rer le soleil \u00e0 la grisaille, le march\u00e9 du Cours Saleya au centre commercial, la Promenade des Anglais au canap\u00e9\u2026 Nice ? Surtout pas une ville o\u00f9 l&rsquo;on s&rsquo;installe pour attendre. Une [&hellip;]<\/div><div class=\"link-single-article\"> <a class=\"voir-plus f-18 fw-bold\" href=\"https:\/\/www.casabarbara.com\/nl\/vivre-a-nice-apres-60-ans\/\"> Voir plus <\/a> <\/div><\/div><\/div><\/div><\/div>\n<\/div><\/div>\n","protected":false},"excerpt":{"rendered":"<p>Nos articles<\/p>","protected":false},"author":1,"featured_media":0,"parent":0,"menu_order":0,"comment_status":"closed","ping_status":"closed","template":"","meta":{"_uag_custom_page_level_css":"","footnotes":""},"class_list":["post-3789","page","type-page","status-publish","hentry"],"uagb_featured_image_src":{"full":false,"thumbnail":false,"medium":false,"medium_large":false,"large":false,"1536x1536":false,"2048x2048":false,"trp-custom-language-flag":false},"uagb_author_info":{"display_name":"technique@celaneo.com","author_link":"https:\/\/www.casabarbara.com\/nl\/author\/techniquecelaneo-com\/"},"uagb_comment_info":0,"uagb_excerpt":"Nos articles","_links":{"self":[{"href":"https:\/\/www.casabarbara.com\/nl\/wp-json\/wp\/v2\/pages\/3789","targetHints":{"allow":["GET"]}}],"collection":[{"href":"https:\/\/www.casabarbara.com\/nl\/wp-json\/wp\/v2\/pages"}],"about":[{"href":"https:\/\/www.casabarbara.com\/nl\/wp-json\/wp\/v2\/types\/page"}],"author":[{"embeddable":true,"href":"https:\/\/www.casabarbara.com\/nl\/wp-json\/wp\/v2\/users\/1"}],"replies":[{"embeddable":true,"href":"https:\/\/www.casabarbara.com\/nl\/wp-json\/wp\/v2\/comments?post=3789"}],"version-history":[{"count":6,"href":"https:\/\/www.casabarbara.com\/nl\/wp-json\/wp\/v2\/pages\/3789\/revisions"}],"predecessor-version":[{"id":3863,"href":"https:\/\/www.casabarbara.com\/nl\/wp-json\/wp\/v2\/pages\/3789\/revisions\/3863"}],"wp:attachment":[{"href":"https:\/\/www.casabarbara.com\/nl\/wp-json\/wp\/v2\/media?parent=3789"}],"curies":[{"name":"wp","href":"https:\/\/api.w.org\/{rel}","templated":true}]}}