{"id":723,"date":"2025-12-01T20:29:14","date_gmt":"2025-12-01T19:29:14","guid":{"rendered":"https:\/\/www.casabarbara.com\/?page_id=723"},"modified":"2026-03-13T14:31:53","modified_gmt":"2026-03-13T13:31:53","slug":"juridisch","status":"publish","type":"page","link":"https:\/\/www.casabarbara.com\/nl\/mentions-legales\/","title":{"rendered":"Wettelijke vermeldingen"},"content":{"rendered":"<div class=\"wp-block-uagb-container uagb-block-58ae5b7a alignfull uagb-is-root-container\">\n<div class=\"wp-block-uagb-advanced-heading uagb-block-4a8c7d60\"><h1 class=\"uagb-heading-text\">Wettelijke vermeldingen<\/h1><\/div>\n<\/div>\n\n\n\n<div class=\"wp-block-uagb-container uagb-block-fc13168a alignfull uagb-is-root-container\">\n<div class=\"wp-block-uagb-container uagb-block-5bd386d4 alignfull uagb-is-root-container\">\n<p style=\"margin-top:10px;margin-bottom:10px\"><strong>Door gebruik te maken van deze website erkent u kennis te hebben genomen van de algemene gebruiksvoorwaarden en verbindt u zich ertoe deze na te leven.<\/strong><\/p>\n\n\n\n<p style=\"margin-top:10px;margin-bottom:10px\">Deze algemene voorwaarden hebben met name tot doel u te informeren over de inhoud van de Site, over het bestaan van intellectuele eigendomsrechten die moeten worden gerespecteerd en over de verantwoordelijkheden die verbonden zijn aan het gebruik van genoemde site, hierna aangeduid als de \"Algemene Gebruiksvoorwaarden\". De inhoud van deze wettelijke vermeldingen en Algemene Voorwaarden kan worden gewijzigd; wij raden u daar aan deze regelmatig te raadplegen.<\/p>\n<\/div>\n\n\n\n<div class=\"wp-block-uagb-container uagb-block-b5b7d877 alignfull uagb-is-root-container\">\n<div class=\"wp-block-uagb-advanced-heading uagb-block-c628ca4c\"><h2 class=\"uagb-heading-text\"><strong>1. WETTELIJKE VERMELDINGEN<\/strong><\/h2><\/div>\n\n\n\n<p style=\"margin-top:10px;margin-bottom:10px\">Uitgever van de Site: Casabarbara Domiciles, een vereenvoudigde naamloze vennootschap (SAS), met maatschappelijke zetel gevestigd te Parijs (75008) 21-25 rue Balzac 75008 PARIJS, ingeschreven in het handels- en vennootschapsregister van Parijs onder nummer 844 086 207.<\/p>\n\n\n\n<p style=\"margin-top:10px;margin-bottom:10px\">Directeur van de publicatie van de Site: Olivier Lebouch\u00e9, President. Iedereen kan de uitgever van de Site bereiken via het volgende e-mailadres: contact@casabarbara.com of telefonisch op 01 75 25 51 41.<\/p>\n\n\n\n<p style=\"margin-top:10px;margin-bottom:10px\">Host van de Site: OVH, 2 rue Kellermann 59100 Roubaix Frankrijk, SAS met een kapitaal van \u20ac 10.174.560, RCS Lille M\u00e9tropole 424 761 419, APE-code 6311Z, BTW-identificatienummer: FR 22 424 761 419.<\/p>\n\n\n\n<p style=\"margin-top:10px;margin-bottom:10px\">IT-beheer van de Site: CELANEO IT, ingeschreven in het RCS van Parijs onder nummer 921 391 017, met maatschappelijke zetel 9 rue des Halles 75001 PARIJS.<\/p>\n\n\n\n<p style=\"margin-top:10px;margin-bottom:10px\">Ontwerper van de Site: SERVICES MARKETING DIVERSIFIES, ingeschreven in het RCS van Parijs onder nummer 337 934 483, met maatschappelijke zetel 94 avenue Gambetta 75020 Parijs.<\/p>\n\n\n\n<p style=\"margin-top:10px;margin-bottom:10px\">Ontwikkelaar van de Site: DIJI, ingeschreven in het RCS van Parijs onder nummer 794 089 003, met maatschappelijke zetel 58 avenue de Wagram, 75017 PARIJS.<\/p>\n<\/div>\n\n\n\n<div class=\"wp-block-uagb-container uagb-block-d82fe3de alignfull uagb-is-root-container\">\n<div class=\"wp-block-uagb-advanced-heading uagb-block-742dc473\"><h2 class=\"uagb-heading-text\"><strong><strong>2. DOEL VAN DE SITE<\/strong><\/strong><\/h2><\/div>\n\n\n\n<p style=\"margin-top:10px;margin-bottom:10px\">Uitgever van de Site: Casabarbara Domiciles, een vereenvoudigde naamloze vennootschap (SAS), met maatschappelijke zetel gevestigd te Parijs (75008) 21-25 rue Balzac 75008 PARIJS, ingeschreven in het handels- en vennootschapsregister van Parijs onder nummer 844 086 207.<\/p>\n\n\n\n<p style=\"margin-top:10px;margin-bottom:10px\">Directeur van de publicatie van de Site: Olivier Lebouch\u00e9, President. Iedereen kan de uitgever van de Site bereiken via het volgende e-mailadres: contact@casabarbara.com of telefonisch op 01 75 25 51 41.<\/p>\n\n\n\n<p style=\"margin-top:10px;margin-bottom:10px\">Host van de Site: OVH, 2 rue Kellermann 59100 Roubaix Frankrijk, SAS met een kapitaal van \u20ac 10.174.560, RCS Lille M\u00e9tropole 424 761 419, APE-code 6311Z, BTW-identificatienummer: FR 22 424 761 419.<\/p>\n\n\n\n<p style=\"margin-top:10px;margin-bottom:10px\">Ontwerper van de Site: SERVICES MARKETING DIVERSIFIES, ingeschreven in het RCS van Parijs onder nummer 337 934 483, met maatschappelijke zetel 94 avenue Gambetta 75020 Parijs.<\/p>\n<\/div>\n\n\n\n<div class=\"wp-block-uagb-container uagb-block-e8f4fd33 alignfull uagb-is-root-container\">\n<div class=\"wp-block-uagb-advanced-heading uagb-block-b0864f9c\"><h2 class=\"uagb-heading-text\"><strong><strong>3. PERSOONSGEGEVENS<\/strong><\/strong><\/h2><\/div>\n\n\n\n<p style=\"margin-top:10px;margin-bottom:10px\">Uitgever van de Site: Casabarbara Domiciles, een vereenvoudigde naamloze vennootschap (SAS), met maatschappelijke zetel gevestigd te Parijs (75008) 21-25 rue Balzac 75008 PARIJS, ingeschreven in het handels- en vennootschapsregister van Parijs onder nummer 844 086 207.<\/p>\n\n\n\n<p style=\"margin-top:10px;margin-bottom:10px\">Directeur van de publicatie van de Site: Olivier Lebouch\u00e9, President. Iedereen kan de uitgever van de Site bereiken via het volgende e-mailadres: contact@casabarbara.com of telefonisch op 01 75 25 51 41.<\/p>\n\n\n\n<p style=\"margin-top:10px;margin-bottom:10px\">Host van de Site: OVH, 2 rue Kellermann 59100 Roubaix Frankrijk, SAS met een kapitaal van \u20ac 10.174.560, RCS Lille M\u00e9tropole 424 761 419, APE-code 6311Z, BTW-identificatienummer: FR 22 424 761 419.<\/p>\n\n\n\n<p style=\"margin-top:10px;margin-bottom:10px\">Ontwerper van de Site: SERVICES MARKETING DIVERSIFIES, ingeschreven in het RCS van Parijs onder nummer 337 934 483, met maatschappelijke zetel 94 avenue Gambetta 75020 Parijs.<\/p>\n<\/div>\n\n\n\n<div class=\"wp-block-uagb-container uagb-block-d523e629 alignfull uagb-is-root-container\">\n<div class=\"wp-block-uagb-advanced-heading uagb-block-e0dcb488\"><h2 class=\"uagb-heading-text\"><strong><strong>4. INTELLECTUELE EIGENDOM<\/strong><\/strong><\/h2><\/div>\n\n\n\n<p style=\"margin-top:10px;margin-bottom:10px\">Uitgever van de Site: Casabarbara Domiciles, een vereenvoudigde naamloze vennootschap (SAS), met maatschappelijke zetel gevestigd te Parijs (75008) 21-25 rue Balzac 75008 PARIJS, ingeschreven in het handels- en vennootschapsregister van Parijs onder nummer 844 086 207.<\/p>\n\n\n\n<p style=\"margin-top:10px;margin-bottom:10px\">Directeur van de publicatie van de Site: Olivier Lebouch\u00e9, President. Iedereen kan de uitgever van de Site bereiken via het volgende e-mailadres: contact@casabarbara.com of telefonisch op 01 75 25 51 41.<\/p>\n\n\n\n<p style=\"margin-top:10px;margin-bottom:10px\">Host van de Site: OVH, 2 rue Kellermann 59100 Roubaix Frankrijk, SAS met een kapitaal van \u20ac 10.174.560, RCS Lille M\u00e9tropole 424 761 419, APE-code 6311Z, BTW-identificatienummer: FR 22 424 761 419.<\/p>\n\n\n\n<p style=\"margin-top:10px;margin-bottom:10px\">Ontwerper van de Site: SERVICES MARKETING DIVERSIFIES, ingeschreven in het RCS van Parijs onder nummer 337 934 483, met maatschappelijke zetel 94 avenue Gambetta 75020 Parijs.<\/p>\n<\/div>\n<\/div>","protected":false},"excerpt":{"rendered":"<p>Mentions l\u00e9gales En utilisant le pr\u00e9sent site, https:\/\/www.casabarbara.com, ci-apr\u00e8s le \u00ab Site \u00bb, vous reconnaissez avoir pris connaissance des informations et conditions g\u00e9n\u00e9rales d\u2019utilisation d\u00e9taill\u00e9es ci-apr\u00e8s et vous engagez \u00e0 les respecter. Ces conditions g\u00e9n\u00e9rales ont notamment pour objet de vous informer du contenu du Site, de l\u2019existence de droits de propri\u00e9t\u00e9 intellectuelle devant \u00eatre [&hellip;]<\/p>\n","protected":false},"author":1,"featured_media":0,"parent":0,"menu_order":0,"comment_status":"closed","ping_status":"closed","template":"","meta":{"_uag_custom_page_level_css":"","footnotes":""},"class_list":["post-723","page","type-page","status-publish","hentry"],"uagb_featured_image_src":{"full":false,"thumbnail":false,"medium":false,"medium_large":false,"large":false,"1536x1536":false,"2048x2048":false,"trp-custom-language-flag":false},"uagb_author_info":{"display_name":"technique@celaneo.com","author_link":"https:\/\/www.casabarbara.com\/nl\/author\/techniquecelaneo-com\/"},"uagb_comment_info":0,"uagb_excerpt":"Mentions l\u00e9gales En utilisant le pr\u00e9sent site, https:\/\/www.casabarbara.com, ci-apr\u00e8s le \u00ab Site \u00bb, vous reconnaissez avoir pris connaissance des informations et conditions g\u00e9n\u00e9rales d\u2019utilisation d\u00e9taill\u00e9es ci-apr\u00e8s et vous engagez \u00e0 les respecter. Ces conditions g\u00e9n\u00e9rales ont notamment pour objet de vous informer du contenu du Site, de l\u2019existence de droits de propri\u00e9t\u00e9 intellectuelle devant \u00eatre&hellip;","_links":{"self":[{"href":"https:\/\/www.casabarbara.com\/nl\/wp-json\/wp\/v2\/pages\/723","targetHints":{"allow":["GET"]}}],"collection":[{"href":"https:\/\/www.casabarbara.com\/nl\/wp-json\/wp\/v2\/pages"}],"about":[{"href":"https:\/\/www.casabarbara.com\/nl\/wp-json\/wp\/v2\/types\/page"}],"author":[{"embeddable":true,"href":"https:\/\/www.casabarbara.com\/nl\/wp-json\/wp\/v2\/users\/1"}],"replies":[{"embeddable":true,"href":"https:\/\/www.casabarbara.com\/nl\/wp-json\/wp\/v2\/comments?post=723"}],"version-history":[{"count":3,"href":"https:\/\/www.casabarbara.com\/nl\/wp-json\/wp\/v2\/pages\/723\/revisions"}],"predecessor-version":[{"id":973,"href":"https:\/\/www.casabarbara.com\/nl\/wp-json\/wp\/v2\/pages\/723\/revisions\/973"}],"wp:attachment":[{"href":"https:\/\/www.casabarbara.com\/nl\/wp-json\/wp\/v2\/media?parent=723"}],"curies":[{"name":"wp","href":"https:\/\/api.w.org\/{rel}","templated":true}]}}