{"id":919,"date":"2025-12-08T07:44:03","date_gmt":"2025-12-08T06:44:03","guid":{"rendered":"https:\/\/www.casabarbara.com\/?page_id=919"},"modified":"2026-03-13T15:02:10","modified_gmt":"2026-03-13T14:02:10","slug":"voorwaarden","status":"publish","type":"page","link":"https:\/\/www.casabarbara.com\/nl\/cgv\/","title":{"rendered":"Algemene voorwaarden"},"content":{"rendered":"<div class=\"wp-block-uagb-container uagb-block-58ae5b7a alignfull uagb-is-root-container\">\n<div class=\"wp-block-uagb-advanced-heading uagb-block-4a8c7d60\"><h1 class=\"uagb-heading-text\">Algemene voorwaarden<\/h1><\/div>\n<\/div>\n\n\n\n<div class=\"wp-block-uagb-container uagb-block-fc13168a alignfull uagb-is-root-container\">\n<div class=\"wp-block-uagb-container uagb-block-b5b7d877 alignfull uagb-is-root-container\">\n<div class=\"wp-block-uagb-advanced-heading uagb-block-c628ca4c\"><h3 class=\"uagb-heading-text\"><strong>Informatiebericht betreffende persoonsgegevens<\/strong><\/h3><\/div>\n\n\n\n<p style=\"margin-top:10px;margin-bottom:10px\">In overeenstemming met de geldende regelgeving verbindt Casabarbara zich ertoe de verzamelde en verwerkte persoonsgegevens van haar gebruikers te beschermen en u te informeren over het gebruik van cookies op haar website.<\/p>\n\n\n\n<p>\u201cPersoonsgegevens\u201d verwijzen naar alle informatie over u als natuurlijke persoon die u ons vrijwillig verstrekt of die wij verzamelen tijdens uw navigatie en die het mogelijk maakt u direct of indirect te identificeren.<\/p>\n\n\n\n<p>Deze informatienota is bedoeld om informatie te verstrekken over de persoonsgegevens die door Casabarbara worden verwerkt, hoe deze worden gebruikt en welke rechten de personen hebben van wie de persoonsgegevens worden verzameld. Casabarbara kan worden gecontacteerd voor vragen over de bescherming van persoonsgegevens per post of per e-mail:<\/p>\n\n\n\n<p>Casabarbara DPO<br>21-25 rue Balzac 75008 Parijs<br>dpo@casabarbara.com<\/p>\n\n\n\n<p style=\"margin-top:10px;margin-bottom:10px\">Deze informatienota wordt regelmatig bijgewerkt wanneer nieuwe praktijken of nieuw beleid inzake gegevensbescherming worden ingevoerd. Deze nota werd bijgewerkt op 25 mei 2018.<\/p>\n<\/div>\n\n\n\n<div class=\"wp-block-uagb-container uagb-block-d82fe3de alignfull uagb-is-root-container\">\n<div class=\"wp-block-uagb-advanced-heading uagb-block-742dc473\"><h2 class=\"uagb-heading-text\"><strong><strong>Persoonsgegevens van gebruikers<\/strong><\/strong><\/h2><\/div>\n\n\n\n<p><\/p>\n\n\n\n<p style=\"margin-top:10px;margin-bottom:10px\"><strong>1. Welke persoonsgegevens worden door Casabarbara verzameld?<\/strong><\/p>\n\n\n\n<p>Wanneer er contact met ons wordt opgenomen via onze website, per post, e-mail, telefoon of rechtstreeks in onze vestigingen, verzamelen wij de volgende persoonsgegevens van personen die ge\u00efnteresseerd zijn in onze diensten:<\/p>\n\n\n\n<ul class=\"wp-block-list\">\n<li>Hun identiteit en contactgegevens<\/li>\n\n\n\n<li>Het type opvang, het departement en de gewenste instapdatum<\/li>\n\n\n\n<li>De informatie die nodig is om de persoon te ori\u00ebnteren en een aangepaste begeleiding te bieden<\/li>\n<\/ul>\n\n\n\n<p>Indien nodig verzamelen wij ook de contactgegevens van familieleden of naasten van de gebruikers.<\/p>\n\n\n\n<p><strong>2. Voor welke doeleinden worden deze persoonsgegevens verwerkt?<\/strong><\/p>\n\n\n\n<p>Wij verwerken de persoonsgegevens van gebruikers om:<\/p>\n\n\n\n<ul class=\"wp-block-list\">\n<li>een individuele opvolging van het profiel en de behoeften van gebruikers te verzekeren<\/li>\n\n\n\n<li>gebruikers naar de meest geschikte oplossing te begeleiden<\/li>\n\n\n\n<li>de herkomst van gebruikers te analyseren<\/li>\n\n\n\n<li>de commerci\u00eble relatie te beheren<\/li>\n\n\n\n<li>tevredenheidsonderzoeken uit te voeren om onze diensten te verbeteren<\/li>\n\n\n\n<li>aanbiedingen en commerci\u00eble berichten te sturen naar gebruikers die hiervoor toestemming hebben gegeven bij hun inschrijving.<\/li>\n<\/ul>\n\n\n\n<p><strong>3. Op welke wettelijke basis verwerkt Casabarbara deze persoonsgegevens?<\/strong><\/p>\n\n\n\n<p>Wij verwerken deze persoonsgegevens op basis van:<\/p>\n\n\n\n<ul class=\"wp-block-list\">\n<li>ons gerechtvaardigd belang om de meest geschikte dienstverlening aan gebruikers aan te bieden<\/li>\n\n\n\n<li>en, indien van toepassing, de voorafgaande toestemming van de betrokken personen voor het verzenden van commerci\u00eble aanbiedingen en berichten via elektronische weg.<\/li>\n<\/ul>\n\n\n\n<p><strong>4. Op welke dragers en hoe lang worden deze persoonsgegevens bewaard?<\/strong><\/p>\n\n\n\n<p>Persoonsgegevens worden bewaard op papieren en digitale dragers gedurende de wettelijke bewaartermijnen of zolang als nodig is voor de doeleinden waarvoor zij werden verzameld, namelijk twee (2) jaar vanaf het laatste contact met de persoon.\n* Unieke Autorisatie AU-47 van de CNIL.<\/p>\n\n\n\n<p><strong>5. Met wie worden deze persoonsgegevens gedeeld?<\/strong><\/p>\n\n\n\n<p><em><strong>Intern gebruik<\/strong><\/em><\/p>\n\n\n\n<p>De toegang tot persoonsgegevens is beperkt tot het personeel van Casabarbara.<\/p>\n\n\n\n<p>Ons personeel wordt bewust gemaakt van het belang van gegevensbescherming en opgeleid in dit domein. Bij niet-naleving van de interne procedures kunnen passende disciplinaire maatregelen worden genomen.<\/p>\n\n\n\n<p><em><strong>Verwerkers<\/strong><\/em><\/p>\n\n\n\n<p>Persoonsgegevens worden niet aan derden verstrekt zonder voorafgaande toestemming van de betrokken persoon, behalve in uitzonderlijke gevallen wanneer de wet of overheidsinstanties, zoals de CNIL of bevoegde gerechtelijke instanties, dit vereisen.<\/p>\n\n\n\n<p><em><strong>Wettelijke verplichtingen<\/strong><\/em><\/p>\n\n\n\n<p>Deze persoonsgegevens worden niet aan derden verstrekt zonder voorafgaande toestemming van de betrokkene, behalve in uitzonderlijke gevallen, wanneer dit wettelijk of door overheidsinstanties, zoals de Nationale Commissie voor Informatietechnologie en Vrijheden (CNIL) of de bevoegde rechterlijke instanties, vereist is.<\/p>\n\n\n\n<p><strong>6. Welke rechten hebben de personen van wie Casabarbara gegevens verzamelt?<\/strong><\/p>\n\n\n\n<p>De Europese Algemene Verordening Gegevensbescherming (AVG) en de Franse wet Informatique et Libert\u00e9s verlenen personen bepaalde rechten met betrekking tot hun gegevens.<\/p>\n\n\n\n<p>Iedere persoon kan de volgende rechten uitoefenen:<\/p>\n\n\n\n<ul class=\"wp-block-list\">\n<li><strong>Recht op toegang:<\/strong>&nbsp;een kopie ontvangen van de persoonsgegevens die Casabarbara over hem\/haar bewaart en verwerkt<\/li>\n\n\n\n<li><strong>Recht op rectificatie:<\/strong>&nbsp;onjuiste persoonsgegevens laten corrigeren<\/li>\n\n\n\n<li><strong>Recht om een klacht in te dienen bij de CNIL<\/strong>&nbsp;een ieder heeft het recht een klacht in te dienen bij de CNIL als hij\/zij zich zorgen maakt over de manier waarop Casabarbara zijn\/haar persoonsgegevens verwerkt.<\/li>\n<\/ul>\n\n\n\n<p>Een persoon kan onder bepaalde voorwaarden ook de volgende rechten uitoefenen:<\/p>\n\n\n\n<ul class=\"wp-block-list\">\n<li><strong>Recht op vergetelheid:&nbsp;<\/strong>een ieder kan Casabarbara verzoeken zijn\/haar gegevens te wissen;<\/li>\n\n\n\n<li><strong>Recht op beperking van de verwerking:&nbsp;<\/strong>een ieder kan Casabarbara verzoeken de verwerking van zijn\/haar gegevens te beperken;<\/li>\n\n\n\n<li><strong>Recht van bezwaar:&nbsp;<\/strong>een ieder kan Casabarbara verzoeken de verwerking van zijn\/haar gegevens te staken wanneer deze is gebaseerd op het gerechtvaardigd belang van Casabarbara;<\/li>\n\n\n\n<li><strong>Recht om toestemming in te trekken:&nbsp;<\/strong>een ieder heeft het recht zijn\/haar toestemming in te trekken indien hij\/zij voorafgaande toestemming heeft gegeven voor het ontvangen van aanbiedingen en marketingcommunicatie via elektronische weg;<\/li>\n\n\n\n<li><strong>Recht van bezwaar tegen verwerking van gegevens voor marketingdoeleinden:&nbsp;<\/strong>een ieder kan te allen tijde verzoeken dat Casabarbara stopt met het sturen van marketingcommunicatie.<\/li>\n<\/ul>\n\n\n\n<p>Om deze rechten uit te oefenen, dient u een schriftelijk verzoek met de benodigde informatie (volledige contactgegevens en een kopie van een identiteitsbewijs) te sturen per post of e-mail naar het volgende adres: Casabarbara, Service Clients \u2013 21-25 Rue Balzac 75 008 Parijs \u2013&nbsp;<a href=\"mailto:infoconseils@Casabarbara.fr\">infoconseils@Casabarbara.fr<\/a>.<\/p>\n\n\n\n<p style=\"margin-top:10px;margin-bottom:10px\">Wij verbinden ons ertoe binnen een maand te antwoorden. Als we om wat voor reden dan ook geen gevolg kunnen geven aan een verzoek, zullen we de betrokkene uitleggen waarom zijn\/haar verzoek is afgewezen.<\/p>\n<\/div>\n\n\n\n<div class=\"wp-block-uagb-container uagb-block-e8f4fd33 alignfull uagb-is-root-container\">\n<div class=\"wp-block-uagb-advanced-heading uagb-block-b0864f9c\"><h2 class=\"uagb-heading-text\"><strong><strong>Privacybeleid<\/strong><\/strong><\/h2><\/div>\n\n\n\n<p><\/p>\n\n\n\n<div class=\"wp-block-uagb-advanced-heading uagb-block-de4eeb7d\"><h3 class=\"uagb-heading-text\">DOEL VAN HET COOKIEBELEID<\/h3><\/div>\n\n\n\n<p>Casabarbara respecteert als Verwerkingsverantwoordelijke de regelgeving die van toepassing is op cookies en trackers.<\/p>\n\n\n\n<p>Een cookie is een klein bestand dat door een server wordt opgeslagen op het apparaat (computer, telefoon, etc.) van een gebruiker en dat is gekoppeld aan een webdomein (dat wil zeggen in de meeste gevallen aan alle pagina's van dezelfde website). Dit bestand wordt automatisch opnieuw verzonden bij later contact met hetzelfde domein. (bron: CNIL)<\/p>\n\n\n\n<p>Casabarbara gebruikt, in het kader van de werking van haar website, verschillende cookies wanneer u surft. Met uitzondering van de technische cookies die strikt noodzakelijk zijn voor de werking van de site en die welke nodig zijn voor het meten van het publiek, is voor het plaatsen van cookies uw toestemming vereist. Daarom wordt u bij uw eerste bezoek gevraagd om deze verwerkingen te accepteren of te weigeren. U kunt te allen tijde uw voorkeuren wijzigen, en met name uw toestemming intrekken, door onder&nbsp;<strong>aan de pagina op \"Cookiebeheer\" te klikken.<\/strong>.<\/p>\n\n\n\n<figure class=\"wp-block-table\"><table class=\"has-fixed-layout\"><tbody><tr><td>Doeleinden van de gebruikte cookies<\/td><td>Wettelijke grondslag<\/td><\/tr><tr><td>Informatie op een apparaat opslaan en\/of openen<\/td><td>Toestemming<\/td><\/tr><tr><td>Producten ontwikkelen en verbeteren<\/td><td>Toestemming<\/td><\/tr><tr><td>Marktonderzoek uitvoeren om publieksgegevens te genereren<\/td><td>Toestemming<\/td><\/tr><tr><td>Prestaties van content meten<\/td><td>Toestemming<\/td><\/tr><tr><td>Prestaties van advertenties meten<\/td><td>Toestemming<\/td><\/tr><tr><td>Gepersonaliseerde content selecteren<\/td><td>Toestemming<\/td><\/tr><tr><td>Een profiel aanmaken om gepersonaliseerde content weer te geven<\/td><td>Toestemming<\/td><\/tr><tr><td>Gepersonaliseerde advertenties selecteren<\/td><td>Toestemming<\/td><\/tr><tr><td>Een gepersonaliseerd advertentieprofiel aanmaken<\/td><td>Toestemming<\/td><\/tr><tr><td>Standaard advertenties selecteren<\/td><td>Toestemming<\/td><\/tr><tr><td>Werking van de website<\/td><td>Gerechtvaardigd belang van Casabarbara om een website aan te bieden<\/td><\/tr><tr><td>Nauwkeurige locatiegegevens gebruiken<\/td><td>Toestemming<\/td><\/tr><tr><td>Publieksmeting<\/td><td>Gerechtvaardigd belang van Casabarbara om het publiek van haar website te meten<\/td><\/tr><tr><td>Veiligheid waarborgen, fraude voorkomen en fouten opsporen<\/td><td>Gerechtvaardigd belang van Casabarbara om haar website te beveiligen<\/td><\/tr><tr><td>Advertenties of content technisch verspreiden<\/td><td>Toestemming<\/td><\/tr><tr><td>Offline gegevensbronnen matchen en combineren<\/td><td>Toestemming<\/td><\/tr><tr><td>Automatisch verzonden identificatiekenmerken van apparaten ontvangen en gebruiken<\/td><td>Toestemming<\/td><\/tr><tr><td>Verschillende apparaten koppelen<\/td><td>Toestemming<\/td><\/tr><\/tbody><\/table><\/figure>\n\n\n\n<p>Uw keuzes worden opgeslagen in een technische cookie en worden 6 maanden bewaard vanaf het plaatsen van de betreffende cookie op uw apparaat. Als u deze cookie handmatig verwijdert, kunnen wij niet vaststellen dat u het gebruik van cookies heeft geaccepteerd of geweigerd. In dat geval vragen wij u uw cookievoorkeuren opnieuw in te stellen.<\/p>\n\n\n\n<p><strong>WEITERGABE VON \u00dcBER COOKIES VERARBEITETEN PERSONENBEZOGENEN EN DATEN<\/strong><\/p>\n\n\n\n<p><em>Aan dochterondernemingen van Casabarbara<\/em><\/p>\n\n\n\n<p>Voor de hierboven genoemde doeleinden zullen uw persoonsgegevens binnen de Casabarbara Groep worden gebruikt. Uw persoonsgegevens kunnen worden doorgegeven aan de verschillende dochterondernemingen van Casabarbara in de landen waar Casabarbara gevestigd is.<\/p>\n\n\n\n<p><em>Aan derden<\/em><\/p>\n\n\n\n<p>Uw persoonsgegevens kunnen aan derden worden doorgegeven, maar alleen in de volgende gevallen:<\/p>\n\n\n\n<ul class=\"wp-block-list\">\n<li>Voor marketingdoeleinden, indien u hiervoor uw toestemming heeft gegeven;<\/li>\n\n\n\n<li>Voor ondersteuningsdoeleinden: Casabarbara maakt gebruik van dienstverleners of aannemers om ondersteunings- en onderhoudsdiensten voor haar Online Platforms te leveren en om de genoemde Online Platforms of de diverse functies en programma's die daarop voorkomen te beheren. Deze derden verbinden zich ertoe uw persoonsgegevens hetzelfde beveiligingsniveau te bieden als Casabarbara;<\/li>\n\n\n\n<li>Voor juridische en veiligheidsdoeleinden: Casabarbara kan genoodzaakt zijn uw persoonsgegevens bekend te maken indien de wet dit vereist of indien een dergelijke bekendmaking redelijkerwijs noodzakelijk is om te voldoen aan gerechtelijke procedures, claims te beantwoorden of de veiligheid of rechten van Casabarbara, haar klanten of het publiek te beschermen;<\/li>\n\n\n\n<li>n geval van fusie, overname of verwerving van een (deel van een) dochteronderneming van de Casabarbara Groep door een ander bedrijf of in geval van verkoop of overdracht, zou de verkrijger toegang hebben tot informatie die persoonsgegevens kan omvatten, onder voorbehoud van de toepasselijke wetgeving. Evenzo kunnen sommige van uw persoonsgegevens worden overgedragen in het kader van een herstructurering, insolventieprocedure of andere soortgelijke gebeurtenis, indien de toepasselijke wetgeving dit toestaat en in overeenstemming met de toepasselijke wetgeving.<\/li>\n<\/ul>\n\n\n\n<p>De lijst van gebruikte derden is hieronder beschikbaar:<\/p>\n\n\n\n<p>AT Internet, Bing Ads, Google Advertising Products en Google Analytics.<\/p>\n\n\n\n<div class=\"wp-block-uagb-advanced-heading uagb-block-8ca35e5d\"><h3 class=\"uagb-heading-text\">DOORGIFTE VAN AAN COOKIES GERELATEERDE PERSOONSGEGEVENS BUITEN DE EUROPESE UNIE<\/h3><\/div>\n\n\n\n<p>De belangrijkste dienstverleners van Casabarbara die op haar Online Platforms werken, zijn gevestigd in de Europese Unie. Zij kunnen echter samenwerken met bedrijven buiten de Europese Unie. De doorgifte van persoonsgegevens aan deze dienstverleners gebeurt in overeenstemming met de toepasselijke wetgeving en is gebaseerd op standaardcontractbepalingen, zoals voorgeschreven door de Europese Commissie. Deze dienstverleners zijn ook gebonden door een contract dat een hoog niveau van bescherming van de vertrouwelijkheid garandeert en hen (onder andere) verplicht om alleen op instructie van Casabarbara te handelen en voortdurend alle nodige technische maatregelen te implementeren om de veiligheid van de persoonsgegevens te handhaven.<\/p>\n\n\n\n<div class=\"wp-block-uagb-advanced-heading uagb-block-52867288\"><h3 class=\"uagb-heading-text\">BEVEILIGING VAN UW PERSOONSGEGEVENS<\/h3><\/div>\n\n\n\n<p>Casabarbara zal alle nodige technische en organisatorische maatregelen nemen om de vertrouwelijkheid en veiligheid te beschermen van uw persoonsgegevens die via haar Online Platforms zijn verzameld. Deze maatregelen omvatten met name (i) het opslaan van uw persoonsgegevens in beveiligde operationele omgevingen die niet toegankelijk zijn voor het publiek en die alleen toegankelijk zijn voor gemachtigd personeel van Casabarbara en haar aannemers en (ii) het verifi\u00ebren van de identiteit van geregistreerde gebruikers voordat zij toegang kunnen krijgen tot uw persoonsgegevens en het bijhouden van de bijbehorende toegangen.<\/p>\n\n\n\n<div class=\"wp-block-uagb-advanced-heading uagb-block-be2f31bd\"><h3 class=\"uagb-heading-text\">UW RECHTEN MET BETREKKING TOT UW PERSOONSGEGEVENS<\/h3><\/div>\n\n\n\n<ul class=\"wp-block-list\">\n<li>U kunt verzoeken om inzage in uw persoonsgegevens;<\/li>\n\n\n\n<li>U kunt verzoeken om rectificatie van uw persoonsgegevens als deze onjuist, onvolledig of niet actueel zijn;<\/li>\n\n\n\n<li>Als uw persoonsgegevens zijn verwerkt met uw toestemming, heeft u het recht uw toestemming te allen tijde in te trekken;<\/li>\n\n\n\n<li>U kunt verzoeken dat uw persoonsgegevens worden gewist wanneer: (i) de persoonsgegevens niet langer nodig zijn voor het doel van de gegevensverwerking of (ii) u uw toestemming voor de gegevensverwerking heeft ingetrokken, indien de verwerking uitsluitend op toestemming is gebaseerd;<\/li>\n\n\n\n<li>U kunt verzoeken om beperking van de verwerking;<\/li>\n\n\n\n<li>U kunt verzoeken om overdraagbaarheid van de verstrekte persoonsgegevens, indien de verwerking van de persoonsgegevens is gebaseerd op uw toestemming of op de uitvoering van een overeenkomst.<\/li>\n\n\n\n<li>U heeft het recht bezwaar te maken tegen de verwerking van uw persoonsgegevens;<\/li>\n\n\n\n<li>U heeft ook het recht om algemene en specifieke instructies te geven over het lot van uw persoonsgegevens na uw overlijden;<\/li>\n\n\n\n<li>Contact opnemen met Casabarbara of een klacht indienen bij de CNIL.<\/li>\n<\/ul>\n\n\n\n<p>U heeft altijd de keuze om uw persoonsgegevens niet te verstrekken. In dat geval is het mogelijk dat u beperkt wordt in de activiteiten en functionaliteiten die Casabarbara u kan bieden.<\/p>\n\n\n\n<p>Voor vragen, klachten of opmerkingen over dit cookiebeleid of de manier waarop persoonsgegevens worden verzameld, kunt u contact opnemen met Casabarbara:<\/p>\n\n\n\n<ul class=\"wp-block-list\">\n<li>per post naar Casabarbara, DPO, 21-25 rue Balzac, 75008 PARIJS<\/li>\n\n\n\n<li>of per e-mail naar:&nbsp;<a href=\"mailto:dpo@casabarbara.com\">dpo@casabarbara.com<\/a><\/li>\n<\/ul>\n\n\n\n<p>Houd er rekening mee dat u ook een klacht kunt indienen bij de CNIL als u twijfelt over de verwerkingsvoorwaarden van uw persoonsgegevens door Casabarbara. De website is hier toegankelijk:&nbsp;<a href=\"https:\/\/www.cnil.fr\/\" rel=\"noopener\">https:\/\/www.cnil.fr\/<\/a>.<\/p>\n\n\n\n<div class=\"wp-block-uagb-advanced-heading uagb-block-d2f2580f\"><h3 class=\"uagb-heading-text\">WIJZIGING VAN ONS COOKIEBELEID<\/h3><\/div>\n\n\n\n<p style=\"margin-top:10px;margin-bottom:10px\">Dit cookiebeleid wordt regelmatig bijgewerkt. Casabarbara nodigt u daarom uit om dit document regelmatig te raadplegen.<\/p>\n<\/div>\n<\/div>","protected":false},"excerpt":{"rendered":"<p>CGV Notice d&rsquo;information relative aux donn\u00e9es personnelles Conform\u00e9ment \u00e0 la r\u00e9glementation en vigueur, Casabarbara s\u2019engage \u00e0 prot\u00e9ger les donn\u00e9es \u00e0 caract\u00e8re personnel collect\u00e9es et trait\u00e9es relatives \u00e0 ses utilisateurs et \u00e0 vous informer sur l\u2019usage des cookies des utilisateurs de son site. Les \u00ab donn\u00e9es \u00e0 caract\u00e8re personnel \u00bb d\u00e9signent toute information vous concernant en [&hellip;]<\/p>\n","protected":false},"author":1,"featured_media":0,"parent":0,"menu_order":0,"comment_status":"closed","ping_status":"closed","template":"","meta":{"_uag_custom_page_level_css":"","footnotes":""},"class_list":["post-919","page","type-page","status-publish","hentry"],"uagb_featured_image_src":{"full":false,"thumbnail":false,"medium":false,"medium_large":false,"large":false,"1536x1536":false,"2048x2048":false,"trp-custom-language-flag":false},"uagb_author_info":{"display_name":"technique@celaneo.com","author_link":"https:\/\/www.casabarbara.com\/nl\/author\/techniquecelaneo-com\/"},"uagb_comment_info":0,"uagb_excerpt":"CGV Notice d&rsquo;information relative aux donn\u00e9es personnelles Conform\u00e9ment \u00e0 la r\u00e9glementation en vigueur, Casabarbara s\u2019engage \u00e0 prot\u00e9ger les donn\u00e9es \u00e0 caract\u00e8re personnel collect\u00e9es et trait\u00e9es relatives \u00e0 ses utilisateurs et \u00e0 vous informer sur l\u2019usage des cookies des utilisateurs de son site. Les \u00ab donn\u00e9es \u00e0 caract\u00e8re personnel \u00bb d\u00e9signent toute information vous concernant en&hellip;","_links":{"self":[{"href":"https:\/\/www.casabarbara.com\/nl\/wp-json\/wp\/v2\/pages\/919","targetHints":{"allow":["GET"]}}],"collection":[{"href":"https:\/\/www.casabarbara.com\/nl\/wp-json\/wp\/v2\/pages"}],"about":[{"href":"https:\/\/www.casabarbara.com\/nl\/wp-json\/wp\/v2\/types\/page"}],"author":[{"embeddable":true,"href":"https:\/\/www.casabarbara.com\/nl\/wp-json\/wp\/v2\/users\/1"}],"replies":[{"embeddable":true,"href":"https:\/\/www.casabarbara.com\/nl\/wp-json\/wp\/v2\/comments?post=919"}],"version-history":[{"count":20,"href":"https:\/\/www.casabarbara.com\/nl\/wp-json\/wp\/v2\/pages\/919\/revisions"}],"predecessor-version":[{"id":2893,"href":"https:\/\/www.casabarbara.com\/nl\/wp-json\/wp\/v2\/pages\/919\/revisions\/2893"}],"wp:attachment":[{"href":"https:\/\/www.casabarbara.com\/nl\/wp-json\/wp\/v2\/media?parent=919"}],"curies":[{"name":"wp","href":"https:\/\/api.w.org\/{rel}","templated":true}]}}