{"id":924,"date":"2025-12-08T07:45:32","date_gmt":"2025-12-08T06:45:32","guid":{"rendered":"https:\/\/www.casabarbara.com\/?page_id=924"},"modified":"2026-03-13T14:30:26","modified_gmt":"2026-03-13T13:30:26","slug":"privacybeleid","status":"publish","type":"page","link":"https:\/\/www.casabarbara.com\/nl\/politique-de-confidentialite\/","title":{"rendered":"Privacybeleid"},"content":{"rendered":"<div class=\"wp-block-uagb-container uagb-block-58ae5b7a alignfull uagb-is-root-container\">\n<div class=\"wp-block-uagb-advanced-heading uagb-block-4a8c7d60\"><h1 class=\"uagb-heading-text\">Privacybeleid<\/h1><\/div>\n<\/div>\n\n\n\n<div class=\"wp-block-uagb-container uagb-block-fc13168a alignfull uagb-is-root-container\">\n<div class=\"wp-block-uagb-container uagb-block-b5b7d877 alignfull uagb-is-root-container\">\n<div class=\"wp-block-uagb-advanced-heading uagb-block-c628ca4c\"><h2 class=\"uagb-heading-text\"><strong>Wie zijn wij?<\/strong><\/h2><\/div>\n\n\n\n<p style=\"margin-top:10px;margin-bottom:10px\">Het adres van onze website is: https:\/\/www.casabarbara.com\/casabarbara.<\/p>\n<\/div>\n\n\n\n<div class=\"wp-block-uagb-container uagb-block-d82fe3de alignfull uagb-is-root-container\">\n<div class=\"wp-block-uagb-advanced-heading uagb-block-742dc473\"><h2 class=\"uagb-heading-text\"><strong><strong>Opmerkingen<\/strong><\/strong><\/h2><\/div>\n\n\n\n<p style=\"margin-top:10px;margin-bottom:10px\">Wanneer u een reactie plaatst, worden de formuliergegevens, uw IP-adres en de browseragent verzameld om ongewenste reacties te detecteren.<\/p>\n\n\n\n<p style=\"margin-top:10px;margin-bottom:10px\">Een geanonimiseerde reeks tekens, gegenereerd op basis van uw e-mailadres (ook wel een hash genoemd), kan naar de Gravatar-service worden gestuurd om te controleren of u deze gebruikt. Het privacybeleid van Gravatar is hier te vinden: https:\/\/automattic.com\/privacy\/. Nadat uw reactie is goedgekeurd, is uw profielfoto openbaar zichtbaar naast uw reactie.<\/p>\n<\/div>\n\n\n\n<div class=\"wp-block-uagb-container uagb-block-e8f4fd33 alignfull uagb-is-root-container\">\n<div class=\"wp-block-uagb-advanced-heading uagb-block-b0864f9c\"><h2 class=\"uagb-heading-text\"><strong><strong>Media<\/strong><\/strong><\/h2><\/div>\n\n\n\n<p style=\"margin-top:10px;margin-bottom:10px\">Als u afbeeldingen uploadt, raden wij aan afbeeldingen zonder GPS-EXIF-gegevens te gebruiken.<\/p>\n<\/div>\n\n\n\n<div class=\"wp-block-uagb-container uagb-block-d523e629 alignfull uagb-is-root-container\">\n<div class=\"wp-block-uagb-advanced-heading uagb-block-e0dcb488\"><h2 class=\"uagb-heading-text\"><strong><strong>Cookies<\/strong><\/strong><\/h2><\/div>\n\n\n\n<p style=\"margin-top:10px;margin-bottom:10px\">Als u een reactie plaatst, wordt u aangeboden uw naam, e-mailadres en website in cookies op te slaan. Deze cookies verlopen na een jaar.<\/p>\n\n\n\n<p>Als u de inlogpagina bezoekt, wordt er een tijdelijke cookie aangemaakt om te controleren of uw browser cookies accepteert. Deze cookie bevat geen persoonlijke gegevens en wordt automatisch verwijderd wanneer u uw browser sluit.<\/p>\n\n\n\n<p>Wanneer u inlogt, plaatsen we verschillende cookies om uw inloggegevens en schermvoorkeuren op te slaan. Inlogcookies blijven twee dagen geldig en cookies voor schermopties blijven een jaar geldig. Als u 'Onthoud mij' selecteert, wordt uw inlogcookie twee weken bewaard. Als u uitlogt, wordt de inlogcookie verwijderd.<\/p>\n\n\n\n<p style=\"margin-top:10px;margin-bottom:10px\">Wanneer u een bericht wijzigt of publiceert, wordt er een extra cookie in uw browser opgeslagen. Deze cookie bevat geen persoonlijke gegevens. Hij geeft alleen de ID aan van het bericht dat u zojuist hebt gewijzigd. Deze verloopt na \u00e9\u00e9n dag.<\/p>\n<\/div>\n\n\n\n<div class=\"wp-block-uagb-container uagb-block-644f9bf4 alignfull uagb-is-root-container\">\n<div class=\"wp-block-uagb-advanced-heading uagb-block-2239b748\"><h2 class=\"uagb-heading-text\"><strong><strong>Ingesloten inhoud van andere websites<\/strong><\/strong><\/h2><\/div>\n\n\n\n<p style=\"margin-top:10px;margin-bottom:10px\">Berichten op deze website kunnen ingesloten inhoud bevatten (bijvoorbeeld video\u2019s, afbeeldingen, artikelen, enz.). Ingesloten inhoud van andere websites gedraagt zich op precies dezelfde manier alsof de bezoeker die andere website rechtstreeks bezoekt.<\/p>\n\n\n\n<p style=\"margin-top:10px;margin-bottom:10px\">Deze websites kunnen gegevens over u verzamelen, cookies gebruiken, extra tracking van derden insluiten en uw interacties met deze ingesloten inhoud volgen, vooral als u een account heeft en bent ingelogd op hun website.<\/p>\n<\/div>\n\n\n\n<div class=\"wp-block-uagb-container uagb-block-42c0863d alignfull uagb-is-root-container\">\n<div class=\"wp-block-uagb-advanced-heading uagb-block-f5da3ec5\"><h2 class=\"uagb-heading-text\"><strong><strong>Gebruik en doorgifte van uw persoonlijke gegevens<\/strong><\/strong><\/h2><\/div>\n\n\n\n<p style=\"margin-top:10px;margin-bottom:10px\">Als u een verzoek indient om uw wachtwoord opnieuw in te stellen, wordt uw IP-adres opgenomen in de e-mail voor het opnieuw instellen van het wachtwoord.<\/p>\n<\/div>\n\n\n\n<div class=\"wp-block-uagb-container uagb-block-c4e45066 alignfull uagb-is-root-container\">\n<div class=\"wp-block-uagb-advanced-heading uagb-block-761bc9d7\"><h2 class=\"uagb-heading-text\"><strong><strong>Bewaartermijn van uw gegevens<\/strong><\/strong><\/h2><\/div>\n\n\n\n<p style=\"margin-top:10px;margin-bottom:10px\">Wanneer u een reactie achterlaat, worden de reactie en de metadata daarvan onbeperkt bewaard. Dit stelt ons in staat om vervolgreacties automatisch te herkennen en goed te keuren in plaats van ze in de moderatiewachtrij te plaatsen.<\/p>\n\n\n\n<p style=\"margin-top:10px;margin-bottom:10px\">Voor gebruikers die zich registreren op onze website (indien van toepassing), slaan wij ook de persoonlijke gegevens op die in hun gebruikersprofiel zijn opgegeven. Alle gebruikers kunnen hun persoonlijke gegevens op elk moment bekijken, wijzigen of verwijderen (met uitzondering van hun gebruikersnaam). Websitebeheerders kunnen deze informatie ook bekijken en wijzigen.<\/p>\n<\/div>\n\n\n\n<div class=\"wp-block-uagb-container uagb-block-294b5a4b alignfull uagb-is-root-container\">\n<div class=\"wp-block-uagb-advanced-heading uagb-block-4643a18a\"><h2 class=\"uagb-heading-text\"><strong><strong>Uw rechten met betrekking tot uw gegevens<\/strong><\/strong><\/h2><\/div>\n\n\n\n<p style=\"margin-top:10px;margin-bottom:10px\">Als u een account heeft of reacties heeft achtergelaten op deze website, kunt u verzoeken om een bestand te ontvangen met alle persoonlijke gegevens die wij over u hebben, inclusief de gegevens die u ons hebt verstrekt. U kunt ook verzoeken om verwijdering van alle persoonlijke gegevens die wij over u bewaren. Dit omvat geen gegevens die wij verplicht moeten bewaren voor administratieve, juridische of beveiligingsdoeleinden.<\/p>\n<\/div>\n\n\n\n<div class=\"wp-block-uagb-container uagb-block-e332ce09 alignfull uagb-is-root-container\">\n<div class=\"wp-block-uagb-advanced-heading uagb-block-d0b515e7\"><h2 class=\"uagb-heading-text\"><strong><strong>Waar uw gegevens naartoe worden gestuurd<\/strong><\/strong><\/h2><\/div>\n\n\n\n<p style=\"margin-top:10px;margin-bottom:10px\">Reacties van bezoekers kunnen worden gecontroleerd via een geautomatiseerde dienst voor het detecteren van ongewenste reacties.<\/p>\n<\/div>\n<\/div>","protected":false},"excerpt":{"rendered":"<p>Politique de confidentialit\u00e9 Qui sommes-nous\u00a0? L\u2019adresse de notre site est : https:\/\/www.casabarbara.com\/casabarbara. Commentaires Quand vous laissez un commentaire sur notre site, les donn\u00e9es inscrites dans le formulaire de commentaire, ainsi que votre adresse IP et l\u2019agent utilisateur de votre navigateur sont collect\u00e9s pour nous aider \u00e0 la d\u00e9tection des commentaires ind\u00e9sirables. Une cha\u00eene anonymis\u00e9e cr\u00e9\u00e9e [&hellip;]<\/p>\n","protected":false},"author":1,"featured_media":0,"parent":0,"menu_order":0,"comment_status":"closed","ping_status":"closed","template":"","meta":{"_uag_custom_page_level_css":"","footnotes":""},"class_list":["post-924","page","type-page","status-publish","hentry"],"uagb_featured_image_src":{"full":false,"thumbnail":false,"medium":false,"medium_large":false,"large":false,"1536x1536":false,"2048x2048":false,"trp-custom-language-flag":false},"uagb_author_info":{"display_name":"technique@celaneo.com","author_link":"https:\/\/www.casabarbara.com\/nl\/author\/techniquecelaneo-com\/"},"uagb_comment_info":0,"uagb_excerpt":"Politique de confidentialit\u00e9 Qui sommes-nous\u00a0? L\u2019adresse de notre site est : https:\/\/www.casabarbara.com\/casabarbara. Commentaires Quand vous laissez un commentaire sur notre site, les donn\u00e9es inscrites dans le formulaire de commentaire, ainsi que votre adresse IP et l\u2019agent utilisateur de votre navigateur sont collect\u00e9s pour nous aider \u00e0 la d\u00e9tection des commentaires ind\u00e9sirables. Une cha\u00eene anonymis\u00e9e cr\u00e9\u00e9e&hellip;","_links":{"self":[{"href":"https:\/\/www.casabarbara.com\/nl\/wp-json\/wp\/v2\/pages\/924","targetHints":{"allow":["GET"]}}],"collection":[{"href":"https:\/\/www.casabarbara.com\/nl\/wp-json\/wp\/v2\/pages"}],"about":[{"href":"https:\/\/www.casabarbara.com\/nl\/wp-json\/wp\/v2\/types\/page"}],"author":[{"embeddable":true,"href":"https:\/\/www.casabarbara.com\/nl\/wp-json\/wp\/v2\/users\/1"}],"replies":[{"embeddable":true,"href":"https:\/\/www.casabarbara.com\/nl\/wp-json\/wp\/v2\/comments?post=924"}],"version-history":[{"count":5,"href":"https:\/\/www.casabarbara.com\/nl\/wp-json\/wp\/v2\/pages\/924\/revisions"}],"predecessor-version":[{"id":1001,"href":"https:\/\/www.casabarbara.com\/nl\/wp-json\/wp\/v2\/pages\/924\/revisions\/1001"}],"wp:attachment":[{"href":"https:\/\/www.casabarbara.com\/nl\/wp-json\/wp\/v2\/media?parent=924"}],"curies":[{"name":"wp","href":"https:\/\/api.w.org\/{rel}","templated":true}]}}